{"id":59918,"date":"2024-11-05T12:24:50","date_gmt":"2024-11-05T11:24:50","guid":{"rendered":"https:\/\/www.antikvariat-vodnik.si\/?post_type=product&#038;p=59918"},"modified":"2025-07-14T11:54:14","modified_gmt":"2025-07-14T09:54:14","slug":"zivljenje-v-naravi-vec-avtorjev-2","status":"publish","type":"product","link":"https:\/\/www.antikvariat-vodnik.si\/?product=zivljenje-v-naravi-vec-avtorjev-2","title":{"rendered":"\u017dIVLJENJE V NARAVI, ve\u010d avtorjev"},"content":{"rendered":"<p>696 strani, trda vezava, \u0161\u010ditni ovitek, 20.5 cm, Partizanska knjiga, 1972, lepo ohranjena.<!--more--><\/p>\n","protected":false},"excerpt":{"rendered":"<p>696 strani, trda vezava, \u0161\u010ditni ovitek, 20.5 cm, Partizanska knjiga, 1972, lepo ohranjena.<\/p>\n","protected":false},"featured_media":59919,"template":"","meta":{"_monsterinsights_skip_tracking":false,"_monsterinsights_sitenote_active":false,"_monsterinsights_sitenote_note":"","_monsterinsights_sitenote_category":0},"product_brand":[],"product_cat":[17,16,26,53,54,55],"product_tag":[],"class_list":{"0":"post-59918","1":"product","2":"type-product","3":"status-publish","4":"has-post-thumbnail","6":"product_cat-antikvarne-knjige","7":"product_cat-katalog-knjig","8":"product_cat-prirocniki-uporabne-vede-duhovnost","9":"product_cat-rastline-vrt-zivali","10":"product_cat-sport-prosti-cas-hobby","11":"product_cat-turizem-gornistvo-alpinizem","13":"first","14":"outofstock","15":"taxable","16":"shipping-taxable","17":"purchasable","18":"product-type-simple"},"jetpack_sharing_enabled":true,"_links":{"self":[{"href":"https:\/\/www.antikvariat-vodnik.si\/index.php?rest_route=\/wp\/v2\/product\/59918","targetHints":{"allow":["GET"]}}],"collection":[{"href":"https:\/\/www.antikvariat-vodnik.si\/index.php?rest_route=\/wp\/v2\/product"}],"about":[{"href":"https:\/\/www.antikvariat-vodnik.si\/index.php?rest_route=\/wp\/v2\/types\/product"}],"wp:featuredmedia":[{"embeddable":true,"href":"https:\/\/www.antikvariat-vodnik.si\/index.php?rest_route=\/wp\/v2\/media\/59919"}],"wp:attachment":[{"href":"https:\/\/www.antikvariat-vodnik.si\/index.php?rest_route=%2Fwp%2Fv2%2Fmedia&parent=59918"}],"wp:term":[{"taxonomy":"product_brand","embeddable":true,"href":"https:\/\/www.antikvariat-vodnik.si\/index.php?rest_route=%2Fwp%2Fv2%2Fproduct_brand&post=59918"},{"taxonomy":"product_cat","embeddable":true,"href":"https:\/\/www.antikvariat-vodnik.si\/index.php?rest_route=%2Fwp%2Fv2%2Fproduct_cat&post=59918"},{"taxonomy":"product_tag","embeddable":true,"href":"https:\/\/www.antikvariat-vodnik.si\/index.php?rest_route=%2Fwp%2Fv2%2Fproduct_tag&post=59918"}],"curies":[{"name":"wp","href":"https:\/\/api.w.org\/{rel}","templated":true}]}}