{"id":59405,"date":"2024-10-16T17:48:34","date_gmt":"2024-10-16T15:48:34","guid":{"rendered":"https:\/\/www.antikvariat-vodnik.si\/?post_type=product&#038;p=59405"},"modified":"2025-07-12T12:03:12","modified_gmt":"2025-07-12T10:03:12","slug":"danes-grofje-celjski-in-nikdar-vec-anna-wambrechtsamer-4","status":"publish","type":"product","link":"https:\/\/www.antikvariat-vodnik.si\/?product=danes-grofje-celjski-in-nikdar-vec-anna-wambrechtsamer-4","title":{"rendered":"DANES GROFJE CELJSKI IN NIKDAR VE\u010c, Anna Wambrechtsamer"},"content":{"rendered":"<p>544 strani, trda vezava, \u0161\u010ditni ovitek, 20.5 cm, Obzorja, 1977, lepo ohranjena.<\/p>\n","protected":false},"excerpt":{"rendered":"<p>544 strani, trda vezava, \u0161\u010ditni ovitek, 20.5 cm, Obzorja, 1977, lepo ohranjena.<\/p>\n","protected":false},"featured_media":59406,"template":"","meta":{"_monsterinsights_skip_tracking":false,"_monsterinsights_sitenote_active":false,"_monsterinsights_sitenote_note":"","_monsterinsights_sitenote_category":0},"product_brand":[],"product_cat":[17,16,27,65,68],"product_tag":[],"class_list":{"0":"post-59405","1":"product","2":"type-product","3":"status-publish","4":"has-post-thumbnail","6":"product_cat-antikvarne-knjige","7":"product_cat-katalog-knjig","8":"product_cat-leposlovje","9":"product_cat-proza-tuji-avtorji","10":"product_cat-zanrska-proza-zgodovinski-kriminalni-ljubezenski-znanstvenofantasticni-romani","12":"first","13":"outofstock","14":"taxable","15":"shipping-taxable","16":"purchasable","17":"product-type-simple"},"jetpack_sharing_enabled":true,"_links":{"self":[{"href":"https:\/\/www.antikvariat-vodnik.si\/index.php?rest_route=\/wp\/v2\/product\/59405","targetHints":{"allow":["GET"]}}],"collection":[{"href":"https:\/\/www.antikvariat-vodnik.si\/index.php?rest_route=\/wp\/v2\/product"}],"about":[{"href":"https:\/\/www.antikvariat-vodnik.si\/index.php?rest_route=\/wp\/v2\/types\/product"}],"wp:featuredmedia":[{"embeddable":true,"href":"https:\/\/www.antikvariat-vodnik.si\/index.php?rest_route=\/wp\/v2\/media\/59406"}],"wp:attachment":[{"href":"https:\/\/www.antikvariat-vodnik.si\/index.php?rest_route=%2Fwp%2Fv2%2Fmedia&parent=59405"}],"wp:term":[{"taxonomy":"product_brand","embeddable":true,"href":"https:\/\/www.antikvariat-vodnik.si\/index.php?rest_route=%2Fwp%2Fv2%2Fproduct_brand&post=59405"},{"taxonomy":"product_cat","embeddable":true,"href":"https:\/\/www.antikvariat-vodnik.si\/index.php?rest_route=%2Fwp%2Fv2%2Fproduct_cat&post=59405"},{"taxonomy":"product_tag","embeddable":true,"href":"https:\/\/www.antikvariat-vodnik.si\/index.php?rest_route=%2Fwp%2Fv2%2Fproduct_tag&post=59405"}],"curies":[{"name":"wp","href":"https:\/\/api.w.org\/{rel}","templated":true}]}}