{"id":59009,"date":"2024-10-08T17:47:23","date_gmt":"2024-10-08T15:47:23","guid":{"rendered":"https:\/\/www.antikvariat-vodnik.si\/?post_type=product&#038;p=59009"},"modified":"2024-10-08T17:47:26","modified_gmt":"2024-10-08T15:47:26","slug":"cyrano-de-bergerac-ed-rostand-prevedel-oton-zupancic","status":"publish","type":"product","link":"https:\/\/www.antikvariat-vodnik.si\/?product=cyrano-de-bergerac-ed-rostand-prevedel-oton-zupancic","title":{"rendered":"CYRANO DE BERGERAC, Ed. Rostand (prevedel Oton \u017dupan\u010di\u010d)"},"content":{"rendered":"<p>196 strani, mehka vezava, 22 cm, 1923, lepo ohranjena.<\/p>\n","protected":false},"excerpt":{"rendered":"<p>196 strani, mehka vezava, 22 cm, 1923, lepo ohranjena.<\/p>\n","protected":false},"featured_media":59010,"template":"","meta":{"_monsterinsights_skip_tracking":false,"_monsterinsights_sitenote_active":false,"_monsterinsights_sitenote_note":"","_monsterinsights_sitenote_category":0},"product_brand":[],"product_cat":[17,22,67,16,27],"product_tag":[],"class_list":{"0":"post-59009","1":"product","2":"type-product","3":"status-publish","4":"has-post-thumbnail","6":"product_cat-antikvarne-knjige","7":"product_cat-bibliofilske-knjige","8":"product_cat-dramatika","9":"product_cat-katalog-knjig","10":"product_cat-leposlovje","12":"first","13":"instock","14":"taxable","15":"shipping-taxable","16":"purchasable","17":"product-type-simple"},"jetpack_sharing_enabled":true,"_links":{"self":[{"href":"https:\/\/www.antikvariat-vodnik.si\/index.php?rest_route=\/wp\/v2\/product\/59009","targetHints":{"allow":["GET"]}}],"collection":[{"href":"https:\/\/www.antikvariat-vodnik.si\/index.php?rest_route=\/wp\/v2\/product"}],"about":[{"href":"https:\/\/www.antikvariat-vodnik.si\/index.php?rest_route=\/wp\/v2\/types\/product"}],"wp:featuredmedia":[{"embeddable":true,"href":"https:\/\/www.antikvariat-vodnik.si\/index.php?rest_route=\/wp\/v2\/media\/59010"}],"wp:attachment":[{"href":"https:\/\/www.antikvariat-vodnik.si\/index.php?rest_route=%2Fwp%2Fv2%2Fmedia&parent=59009"}],"wp:term":[{"taxonomy":"product_brand","embeddable":true,"href":"https:\/\/www.antikvariat-vodnik.si\/index.php?rest_route=%2Fwp%2Fv2%2Fproduct_brand&post=59009"},{"taxonomy":"product_cat","embeddable":true,"href":"https:\/\/www.antikvariat-vodnik.si\/index.php?rest_route=%2Fwp%2Fv2%2Fproduct_cat&post=59009"},{"taxonomy":"product_tag","embeddable":true,"href":"https:\/\/www.antikvariat-vodnik.si\/index.php?rest_route=%2Fwp%2Fv2%2Fproduct_tag&post=59009"}],"curies":[{"name":"wp","href":"https:\/\/api.w.org\/{rel}","templated":true}]}}