{"id":58164,"date":"2024-09-16T18:30:09","date_gmt":"2024-09-16T16:30:09","guid":{"rendered":"https:\/\/www.antikvariat-vodnik.si\/?post_type=product&#038;p=58164"},"modified":"2024-09-16T18:30:11","modified_gmt":"2024-09-16T16:30:11","slug":"vojna-in-mir-1-del-lev-nikolajevic-tolstoj-2","status":"publish","type":"product","link":"https:\/\/www.antikvariat-vodnik.si\/?product=vojna-in-mir-1-del-lev-nikolajevic-tolstoj-2","title":{"rendered":"Vojna in mir, 1. del, Lev Nikolajevi\u010d Tolstoj"},"content":{"rendered":"<p><strong>Eden najve\u010djih romanov vseh \u010dasov v novem prevodu!<\/strong><\/p>\n<p>\u010ceprav je jasno ume\u0161\u010den v \u010das Napoleonovega pohoda na Rusijo (1805\u20131812), roman <em>Vojna in mir<\/em>, ki je v izvirniku prvi\u010d iz\u0161el leta 1869, \u0161e zdale\u010d ni zgolj zgodovinski roman, temve\u010d gre za orja\u0161ko \u00bbfresko\u00ab, ki tedanje dru\u017ebene razmere neprestano prepleta z du\u0161evnimi stanji in iskanji junakov.<\/p>\n<p><strong>Lev Nikolajevi\u010d Tolstoj<\/strong> (1828\u20131910) je svoj veliki roman pisal sedem let po deset ur na dan, prelistal je vse knjige, obiskoval arhive in prebiral zasebna pisma. Besedilo je sedemkrat prepisal, vse dokler se naposled ni izoblikovala mogo\u010dna celota, iz katere s svojimi razmisleki, dvomi in spoznanji izstopajo zna\u010dajsko markantne osebe, obenem pa se mu je z nezmotljivim \u010dutom za dramati\u010dno posre\u010dilo ustvariti serijo razgibanih, prepri\u010dljivih prizorov, katerih ob\u010de\u010dlove\u0161ka vsebina nas nagovarja \u0161e danes.<\/p>\n<p>Roman <em>Vojna in mir<\/em> je prvi\u010d prevedel v sloven\u0161\u010dino Vladimir Levstik leta 1932, zdaj pa bo iz\u0161el v novem prevodu Sovretove nagrajenke Lijane Dejak.<\/p>\n<p>\u00bb<em>Bralci imamo v\u010dasih predsodke pred takimi &#8216;\u0161pehi&#8217; kot je Vojna in mir, vendar je klasika lahko tudi zabavna. Ruski pisatelj in velik poznavalec knji\u017eevnosti Aleksander Genis je neko\u010d izjavil, da je Vojna in mir, ki je njegova najljub\u0161a knjiga sploh, roman za na pla\u017eo. Ta izjava me je najprej presenetila, ampak zdaj, ko ponovno pregledujem besedilo pred izidom, se popolnoma strinjam z njim: brez franco\u0161\u010dine ne bo nobene ovire, da ne bi Vojne in miru brali na pla\u017ei, saj je kljub avreoli velike klasike ta roman v resnici preplet samih zanimivih zgodb, v katere se je pravi u\u017eitek potopiti kje ob morju &#8230;<\/em>\u00ab Lijana Dejak<\/p>\n","protected":false},"excerpt":{"rendered":"<p>Eden najve\u010djih romanov vseh \u010dasov v novem prevodu! \u010ceprav je jasno ume\u0161\u010den v \u010das Napoleonovega pohoda na Rusijo (1805\u20131812), roman Vojna in mir, ki je v izvirniku prvi\u010d iz\u0161el leta 1869, \u0161e zdale\u010d ni zgolj zgodovinski roman, temve\u010d gre za orja\u0161ko \u00bbfresko\u00ab, ki tedanje dru\u017ebene razmere neprestano prepleta z du\u0161evnimi stanji in iskanji junakov. Lev [&hellip;]<\/p>\n","protected":false},"featured_media":58165,"template":"","meta":{"_monsterinsights_skip_tracking":false,"_monsterinsights_sitenote_active":false,"_monsterinsights_sitenote_note":"","_monsterinsights_sitenote_category":0},"product_brand":[],"product_cat":[16,36,18],"product_tag":[],"class_list":{"0":"post-58164","1":"product","2":"type-product","3":"status-publish","4":"has-post-thumbnail","6":"product_cat-katalog-knjig","7":"product_cat-leposlovje-nove-knjige","8":"product_cat-nove-knjige","10":"first","11":"instock","12":"taxable","13":"shipping-taxable","14":"purchasable","15":"product-type-simple"},"jetpack_sharing_enabled":true,"_links":{"self":[{"href":"https:\/\/www.antikvariat-vodnik.si\/index.php?rest_route=\/wp\/v2\/product\/58164","targetHints":{"allow":["GET"]}}],"collection":[{"href":"https:\/\/www.antikvariat-vodnik.si\/index.php?rest_route=\/wp\/v2\/product"}],"about":[{"href":"https:\/\/www.antikvariat-vodnik.si\/index.php?rest_route=\/wp\/v2\/types\/product"}],"wp:featuredmedia":[{"embeddable":true,"href":"https:\/\/www.antikvariat-vodnik.si\/index.php?rest_route=\/wp\/v2\/media\/58165"}],"wp:attachment":[{"href":"https:\/\/www.antikvariat-vodnik.si\/index.php?rest_route=%2Fwp%2Fv2%2Fmedia&parent=58164"}],"wp:term":[{"taxonomy":"product_brand","embeddable":true,"href":"https:\/\/www.antikvariat-vodnik.si\/index.php?rest_route=%2Fwp%2Fv2%2Fproduct_brand&post=58164"},{"taxonomy":"product_cat","embeddable":true,"href":"https:\/\/www.antikvariat-vodnik.si\/index.php?rest_route=%2Fwp%2Fv2%2Fproduct_cat&post=58164"},{"taxonomy":"product_tag","embeddable":true,"href":"https:\/\/www.antikvariat-vodnik.si\/index.php?rest_route=%2Fwp%2Fv2%2Fproduct_tag&post=58164"}],"curies":[{"name":"wp","href":"https:\/\/api.w.org\/{rel}","templated":true}]}}