{"id":5693,"date":"2021-01-27T14:50:59","date_gmt":"2021-01-27T13:50:59","guid":{"rendered":"https:\/\/www.antikvariat-vodnik.si\/?post_type=product&#038;p=5693"},"modified":"2026-03-27T09:37:03","modified_gmt":"2026-03-27T08:37:03","slug":"muharjenje-t-korosec-j-ocvirk-l-urbancic-b-voljc","status":"publish","type":"product","link":"https:\/\/www.antikvariat-vodnik.si\/?product=muharjenje-t-korosec-j-ocvirk-l-urbancic-b-voljc","title":{"rendered":"MUHARJENJE, T. Koro\u0161ec, J. Ocvirk, L. Urban\u010di\u010d, B. Volj\u010d"},"content":{"rendered":"<p>260 strNI, TRDA VEZAVA + \u0160\u010cITNI OVITEK, 24 cm, izdala DZS 1980, lepo ohranjeno<\/p>\n","protected":false},"excerpt":{"rendered":"<p>260 strNI, TRDA VEZAVA + \u0160\u010cITNI OVITEK, 24 cm, izdala DZS 1980, lepo ohranjeno<\/p>\n","protected":false},"featured_media":5602,"template":"","meta":{"_monsterinsights_skip_tracking":false,"_monsterinsights_sitenote_active":false,"_monsterinsights_sitenote_note":"","_monsterinsights_sitenote_category":0},"product_brand":[],"product_cat":[17,16,26,54],"product_tag":[],"class_list":{"0":"post-5693","1":"product","2":"type-product","3":"status-publish","4":"has-post-thumbnail","6":"product_cat-antikvarne-knjige","7":"product_cat-katalog-knjig","8":"product_cat-prirocniki-uporabne-vede-duhovnost","9":"product_cat-sport-prosti-cas-hobby","11":"first","12":"outofstock","13":"taxable","14":"shipping-taxable","15":"purchasable","16":"product-type-simple"},"jetpack_sharing_enabled":true,"_links":{"self":[{"href":"https:\/\/www.antikvariat-vodnik.si\/index.php?rest_route=\/wp\/v2\/product\/5693","targetHints":{"allow":["GET"]}}],"collection":[{"href":"https:\/\/www.antikvariat-vodnik.si\/index.php?rest_route=\/wp\/v2\/product"}],"about":[{"href":"https:\/\/www.antikvariat-vodnik.si\/index.php?rest_route=\/wp\/v2\/types\/product"}],"wp:featuredmedia":[{"embeddable":true,"href":"https:\/\/www.antikvariat-vodnik.si\/index.php?rest_route=\/wp\/v2\/media\/5602"}],"wp:attachment":[{"href":"https:\/\/www.antikvariat-vodnik.si\/index.php?rest_route=%2Fwp%2Fv2%2Fmedia&parent=5693"}],"wp:term":[{"taxonomy":"product_brand","embeddable":true,"href":"https:\/\/www.antikvariat-vodnik.si\/index.php?rest_route=%2Fwp%2Fv2%2Fproduct_brand&post=5693"},{"taxonomy":"product_cat","embeddable":true,"href":"https:\/\/www.antikvariat-vodnik.si\/index.php?rest_route=%2Fwp%2Fv2%2Fproduct_cat&post=5693"},{"taxonomy":"product_tag","embeddable":true,"href":"https:\/\/www.antikvariat-vodnik.si\/index.php?rest_route=%2Fwp%2Fv2%2Fproduct_tag&post=5693"}],"curies":[{"name":"wp","href":"https:\/\/api.w.org\/{rel}","templated":true}]}}