{"id":56498,"date":"2024-07-30T17:11:33","date_gmt":"2024-07-30T15:11:33","guid":{"rendered":"https:\/\/www.antikvariat-vodnik.si\/?post_type=product&#038;p=56498"},"modified":"2024-07-30T17:11:53","modified_gmt":"2024-07-30T15:11:53","slug":"12-jeznih-moz-12-zgodb-o-slovenski-karikaturi-damir-globocnik","status":"publish","type":"product","link":"https:\/\/www.antikvariat-vodnik.si\/?product=12-jeznih-moz-12-zgodb-o-slovenski-karikaturi-damir-globocnik","title":{"rendered":"12 JEZNIH MO\u017d; 12 ZGODB O SLOVENSKI KARIKATURI, Damir Globo\u010dnik"},"content":{"rendered":"<p>208 strani, trda vezava (s \u0161\u010ditnim ovitkom), 24 cm, samozal., 1997, lepo ohranjena.<\/p>\n","protected":false},"excerpt":{"rendered":"<p>208 strani, trda vezava (s \u0161\u010ditnim ovitkom), 24 cm, samozal., 1997, lepo ohranjena.<\/p>\n","protected":false},"featured_media":56499,"template":"","meta":{"_monsterinsights_skip_tracking":false,"_monsterinsights_sitenote_active":false,"_monsterinsights_sitenote_note":"","_monsterinsights_sitenote_category":0},"product_brand":[],"product_cat":[17,19,16,95,43],"product_tag":[],"class_list":{"0":"post-56498","1":"product","2":"type-product","3":"status-publish","4":"has-post-thumbnail","6":"product_cat-antikvarne-knjige","7":"product_cat-humanistika-druzboslovje","8":"product_cat-katalog-knjig","9":"product_cat-kultura-humanistika-druzboslovje","10":"product_cat-zgodovina-domoznanstvo","12":"first","13":"instock","14":"taxable","15":"shipping-taxable","16":"purchasable","17":"product-type-simple"},"jetpack_sharing_enabled":true,"_links":{"self":[{"href":"https:\/\/www.antikvariat-vodnik.si\/index.php?rest_route=\/wp\/v2\/product\/56498","targetHints":{"allow":["GET"]}}],"collection":[{"href":"https:\/\/www.antikvariat-vodnik.si\/index.php?rest_route=\/wp\/v2\/product"}],"about":[{"href":"https:\/\/www.antikvariat-vodnik.si\/index.php?rest_route=\/wp\/v2\/types\/product"}],"wp:featuredmedia":[{"embeddable":true,"href":"https:\/\/www.antikvariat-vodnik.si\/index.php?rest_route=\/wp\/v2\/media\/56499"}],"wp:attachment":[{"href":"https:\/\/www.antikvariat-vodnik.si\/index.php?rest_route=%2Fwp%2Fv2%2Fmedia&parent=56498"}],"wp:term":[{"taxonomy":"product_brand","embeddable":true,"href":"https:\/\/www.antikvariat-vodnik.si\/index.php?rest_route=%2Fwp%2Fv2%2Fproduct_brand&post=56498"},{"taxonomy":"product_cat","embeddable":true,"href":"https:\/\/www.antikvariat-vodnik.si\/index.php?rest_route=%2Fwp%2Fv2%2Fproduct_cat&post=56498"},{"taxonomy":"product_tag","embeddable":true,"href":"https:\/\/www.antikvariat-vodnik.si\/index.php?rest_route=%2Fwp%2Fv2%2Fproduct_tag&post=56498"}],"curies":[{"name":"wp","href":"https:\/\/api.w.org\/{rel}","templated":true}]}}