{"id":56477,"date":"2024-07-30T16:01:12","date_gmt":"2024-07-30T14:01:12","guid":{"rendered":"https:\/\/www.antikvariat-vodnik.si\/?post_type=product&#038;p=56477"},"modified":"2024-07-30T16:01:52","modified_gmt":"2024-07-30T14:01:52","slug":"lepodrzne-vaje-za-mladino-in-zeno-ljudmila-slibar","status":"publish","type":"product","link":"https:\/\/www.antikvariat-vodnik.si\/?product=lepodrzne-vaje-za-mladino-in-zeno-ljudmila-slibar","title":{"rendered":"LEPODR\u017dNE VAJE ZA MLADINO IN \u017dENO, Ljudmila \u0160libar"},"content":{"rendered":"<p>48 strani, trda vezava, 20 cm, Belo-modra knji\u017enica, 1930, lepo ohranjena.<\/p>\n","protected":false},"excerpt":{"rendered":"<p>48 strani, trda vezava, 20 cm, Belo-modra knji\u017enica, 1930, lepo ohranjena.<\/p>\n","protected":false},"featured_media":56478,"template":"","meta":{"_monsterinsights_skip_tracking":false,"_monsterinsights_sitenote_active":false,"_monsterinsights_sitenote_note":"","_monsterinsights_sitenote_category":0},"product_brand":[],"product_cat":[17,16,26,49],"product_tag":[],"class_list":{"0":"post-56477","1":"product","2":"type-product","3":"status-publish","4":"has-post-thumbnail","6":"product_cat-antikvarne-knjige","7":"product_cat-katalog-knjig","8":"product_cat-prirocniki-uporabne-vede-duhovnost","9":"product_cat-zdravje","11":"first","12":"instock","13":"taxable","14":"shipping-taxable","15":"purchasable","16":"product-type-simple"},"jetpack_sharing_enabled":true,"_links":{"self":[{"href":"https:\/\/www.antikvariat-vodnik.si\/index.php?rest_route=\/wp\/v2\/product\/56477","targetHints":{"allow":["GET"]}}],"collection":[{"href":"https:\/\/www.antikvariat-vodnik.si\/index.php?rest_route=\/wp\/v2\/product"}],"about":[{"href":"https:\/\/www.antikvariat-vodnik.si\/index.php?rest_route=\/wp\/v2\/types\/product"}],"wp:featuredmedia":[{"embeddable":true,"href":"https:\/\/www.antikvariat-vodnik.si\/index.php?rest_route=\/wp\/v2\/media\/56478"}],"wp:attachment":[{"href":"https:\/\/www.antikvariat-vodnik.si\/index.php?rest_route=%2Fwp%2Fv2%2Fmedia&parent=56477"}],"wp:term":[{"taxonomy":"product_brand","embeddable":true,"href":"https:\/\/www.antikvariat-vodnik.si\/index.php?rest_route=%2Fwp%2Fv2%2Fproduct_brand&post=56477"},{"taxonomy":"product_cat","embeddable":true,"href":"https:\/\/www.antikvariat-vodnik.si\/index.php?rest_route=%2Fwp%2Fv2%2Fproduct_cat&post=56477"},{"taxonomy":"product_tag","embeddable":true,"href":"https:\/\/www.antikvariat-vodnik.si\/index.php?rest_route=%2Fwp%2Fv2%2Fproduct_tag&post=56477"}],"curies":[{"name":"wp","href":"https:\/\/api.w.org\/{rel}","templated":true}]}}