{"id":55877,"date":"2024-07-11T14:19:07","date_gmt":"2024-07-11T12:19:07","guid":{"rendered":"https:\/\/www.antikvariat-vodnik.si\/?post_type=product&#038;p=55877"},"modified":"2024-07-11T14:19:42","modified_gmt":"2024-07-11T12:19:42","slug":"uskoska-pesemska-dediscina-bele-krajine-marko-terseglav","status":"publish","type":"product","link":"https:\/\/www.antikvariat-vodnik.si\/?product=uskoska-pesemska-dediscina-bele-krajine-marko-terseglav","title":{"rendered":"USKO\u0160KA PESEMSKA DEDI\u0160\u010cINA BELE KRAJINE, Marko Terseglav"},"content":{"rendered":"<p>256 strani, mehka vezava, 29,5 cm, ZRC SAZU, 1996, lepo ohranjena.<\/p>\n","protected":false},"excerpt":{"rendered":"<p>256 strani, mehka vezava, 29,5 cm, ZRC SAZU, 1996, lepo ohranjena.<\/p>\n","protected":false},"featured_media":55879,"template":"","meta":{"_monsterinsights_skip_tracking":false,"_monsterinsights_sitenote_active":false,"_monsterinsights_sitenote_note":"","_monsterinsights_sitenote_category":0},"product_brand":[],"product_cat":[17,45,19,16,95,43],"product_tag":[],"class_list":{"0":"post-55877","1":"product","2":"type-product","3":"status-publish","4":"has-post-thumbnail","6":"product_cat-antikvarne-knjige","7":"product_cat-etnologija-antropologija","8":"product_cat-humanistika-druzboslovje","9":"product_cat-katalog-knjig","10":"product_cat-kultura-humanistika-druzboslovje","11":"product_cat-zgodovina-domoznanstvo","13":"first","14":"instock","15":"taxable","16":"shipping-taxable","17":"purchasable","18":"product-type-simple"},"jetpack_sharing_enabled":true,"_links":{"self":[{"href":"https:\/\/www.antikvariat-vodnik.si\/index.php?rest_route=\/wp\/v2\/product\/55877","targetHints":{"allow":["GET"]}}],"collection":[{"href":"https:\/\/www.antikvariat-vodnik.si\/index.php?rest_route=\/wp\/v2\/product"}],"about":[{"href":"https:\/\/www.antikvariat-vodnik.si\/index.php?rest_route=\/wp\/v2\/types\/product"}],"wp:featuredmedia":[{"embeddable":true,"href":"https:\/\/www.antikvariat-vodnik.si\/index.php?rest_route=\/wp\/v2\/media\/55879"}],"wp:attachment":[{"href":"https:\/\/www.antikvariat-vodnik.si\/index.php?rest_route=%2Fwp%2Fv2%2Fmedia&parent=55877"}],"wp:term":[{"taxonomy":"product_brand","embeddable":true,"href":"https:\/\/www.antikvariat-vodnik.si\/index.php?rest_route=%2Fwp%2Fv2%2Fproduct_brand&post=55877"},{"taxonomy":"product_cat","embeddable":true,"href":"https:\/\/www.antikvariat-vodnik.si\/index.php?rest_route=%2Fwp%2Fv2%2Fproduct_cat&post=55877"},{"taxonomy":"product_tag","embeddable":true,"href":"https:\/\/www.antikvariat-vodnik.si\/index.php?rest_route=%2Fwp%2Fv2%2Fproduct_tag&post=55877"}],"curies":[{"name":"wp","href":"https:\/\/api.w.org\/{rel}","templated":true}]}}