{"id":5577,"date":"2021-01-26T17:05:25","date_gmt":"2021-01-26T16:05:25","guid":{"rendered":"https:\/\/www.antikvariat-vodnik.si\/?post_type=product&#038;p=5577"},"modified":"2023-10-19T16:51:15","modified_gmt":"2023-10-19T14:51:15","slug":"korespondenca-frana-miklosica-z-juznimi-slovani","status":"publish","type":"product","link":"https:\/\/www.antikvariat-vodnik.si\/?product=korespondenca-frana-miklosica-z-juznimi-slovani","title":{"rendered":"KORESPONDENCA FRANA MIKLO\u0160I\u010cA Z JU\u017dNIMI SLOVANI"},"content":{"rendered":"<div class=\"base-entity-description\">\n<div class=\"passage-standard passage-standard--alpha\">\n<div id=\"__xclaimwords_wrapper\">\n<p>852 strani, trda vezava, \u0161\u010ditni ovitek, 28 cm, Zalo\u017eba Obzorja Maribor 1991,zelo lepo ohranjeno<\/p>\n<\/div>\n<\/div>\n<\/div>\n<div class=\"base-entity-additional-data\">\n<div class=\"base-entity-features  \">\n<div class=\"BaseEntityThumbnails BaseEntityThumbnails--features\">\n<p>&nbsp;<\/p>\n<\/div>\n<\/div>\n<\/div>\n","protected":false},"excerpt":{"rendered":"<p>852 strani, trda vezava, \u0161\u010ditni ovitek, 28 cm, Zalo\u017eba Obzorja Maribor 1991,zelo lepo ohranjeno &nbsp;<\/p>\n","protected":false},"featured_media":5438,"template":"","meta":{"_monsterinsights_skip_tracking":false,"_monsterinsights_sitenote_active":false,"_monsterinsights_sitenote_note":"","_monsterinsights_sitenote_category":0},"product_brand":[],"product_cat":[17,19,16,46,43],"product_tag":[],"class_list":{"0":"post-5577","1":"product","2":"type-product","3":"status-publish","4":"has-post-thumbnail","6":"product_cat-antikvarne-knjige","7":"product_cat-humanistika-druzboslovje","8":"product_cat-katalog-knjig","9":"product_cat-literarna-teorija","10":"product_cat-zgodovina-domoznanstvo","12":"first","13":"instock","14":"taxable","15":"shipping-taxable","16":"purchasable","17":"product-type-simple"},"jetpack_sharing_enabled":true,"_links":{"self":[{"href":"https:\/\/www.antikvariat-vodnik.si\/index.php?rest_route=\/wp\/v2\/product\/5577","targetHints":{"allow":["GET"]}}],"collection":[{"href":"https:\/\/www.antikvariat-vodnik.si\/index.php?rest_route=\/wp\/v2\/product"}],"about":[{"href":"https:\/\/www.antikvariat-vodnik.si\/index.php?rest_route=\/wp\/v2\/types\/product"}],"wp:featuredmedia":[{"embeddable":true,"href":"https:\/\/www.antikvariat-vodnik.si\/index.php?rest_route=\/wp\/v2\/media\/5438"}],"wp:attachment":[{"href":"https:\/\/www.antikvariat-vodnik.si\/index.php?rest_route=%2Fwp%2Fv2%2Fmedia&parent=5577"}],"wp:term":[{"taxonomy":"product_brand","embeddable":true,"href":"https:\/\/www.antikvariat-vodnik.si\/index.php?rest_route=%2Fwp%2Fv2%2Fproduct_brand&post=5577"},{"taxonomy":"product_cat","embeddable":true,"href":"https:\/\/www.antikvariat-vodnik.si\/index.php?rest_route=%2Fwp%2Fv2%2Fproduct_cat&post=5577"},{"taxonomy":"product_tag","embeddable":true,"href":"https:\/\/www.antikvariat-vodnik.si\/index.php?rest_route=%2Fwp%2Fv2%2Fproduct_tag&post=5577"}],"curies":[{"name":"wp","href":"https:\/\/api.w.org\/{rel}","templated":true}]}}