{"id":5575,"date":"2021-01-26T16:58:04","date_gmt":"2021-01-26T15:58:04","guid":{"rendered":"https:\/\/www.antikvariat-vodnik.si\/?post_type=product&#038;p=5575"},"modified":"2025-07-26T20:07:40","modified_gmt":"2025-07-26T18:07:40","slug":"sto-pesmi-otona-zupancica","status":"publish","type":"product","link":"https:\/\/www.antikvariat-vodnik.si\/?product=sto-pesmi-otona-zupancica","title":{"rendered":"STO PESMI OTONA \u017dUPAN\u010cI\u010cA"},"content":{"rendered":"<div class=\"base-entity-description\">\n<div class=\"passage-standard passage-standard--alpha\">\n<div id=\"__xclaimwords_wrapper\">\n<p>186 strani, trda vezava celo platno, 28 cm, Jugoslovenska knjiga Beograd 1948, lepo ohranjeno<\/p>\n<\/div>\n<\/div>\n<\/div>\n<div class=\"base-entity-additional-data\">\n<div class=\"base-entity-features  \">\n<div class=\"BaseEntityThumbnails BaseEntityThumbnails--features\">\n<p>&nbsp;<\/p>\n<\/div>\n<\/div>\n<\/div>\n","protected":false},"excerpt":{"rendered":"<p>186 strani, trda vezava celo platno, 28 cm, Jugoslovenska knjiga Beograd 1948, lepo ohranjeno &nbsp;<\/p>\n","protected":false},"featured_media":5441,"template":"","meta":{"_monsterinsights_skip_tracking":false,"_monsterinsights_sitenote_active":false,"_monsterinsights_sitenote_note":"","_monsterinsights_sitenote_category":0},"product_brand":[],"product_cat":[17,22,16,27,66],"product_tag":[],"class_list":{"0":"post-5575","1":"product","2":"type-product","3":"status-publish","4":"has-post-thumbnail","6":"product_cat-antikvarne-knjige","7":"product_cat-bibliofilske-knjige","8":"product_cat-katalog-knjig","9":"product_cat-leposlovje","10":"product_cat-poezija","12":"first","13":"instock","14":"taxable","15":"shipping-taxable","16":"purchasable","17":"product-type-simple"},"jetpack_sharing_enabled":true,"_links":{"self":[{"href":"https:\/\/www.antikvariat-vodnik.si\/index.php?rest_route=\/wp\/v2\/product\/5575","targetHints":{"allow":["GET"]}}],"collection":[{"href":"https:\/\/www.antikvariat-vodnik.si\/index.php?rest_route=\/wp\/v2\/product"}],"about":[{"href":"https:\/\/www.antikvariat-vodnik.si\/index.php?rest_route=\/wp\/v2\/types\/product"}],"wp:featuredmedia":[{"embeddable":true,"href":"https:\/\/www.antikvariat-vodnik.si\/index.php?rest_route=\/wp\/v2\/media\/5441"}],"wp:attachment":[{"href":"https:\/\/www.antikvariat-vodnik.si\/index.php?rest_route=%2Fwp%2Fv2%2Fmedia&parent=5575"}],"wp:term":[{"taxonomy":"product_brand","embeddable":true,"href":"https:\/\/www.antikvariat-vodnik.si\/index.php?rest_route=%2Fwp%2Fv2%2Fproduct_brand&post=5575"},{"taxonomy":"product_cat","embeddable":true,"href":"https:\/\/www.antikvariat-vodnik.si\/index.php?rest_route=%2Fwp%2Fv2%2Fproduct_cat&post=5575"},{"taxonomy":"product_tag","embeddable":true,"href":"https:\/\/www.antikvariat-vodnik.si\/index.php?rest_route=%2Fwp%2Fv2%2Fproduct_tag&post=5575"}],"curies":[{"name":"wp","href":"https:\/\/api.w.org\/{rel}","templated":true}]}}