{"id":55113,"date":"2024-06-19T17:38:05","date_gmt":"2024-06-19T15:38:05","guid":{"rendered":"https:\/\/www.antikvariat-vodnik.si\/?post_type=product&#038;p=55113"},"modified":"2024-06-19T17:38:06","modified_gmt":"2024-06-19T15:38:06","slug":"magicna-prerokba-44-kart-knjizica-cristy-zmahar","status":"publish","type":"product","link":"https:\/\/www.antikvariat-vodnik.si\/?product=magicna-prerokba-44-kart-knjizica-cristy-zmahar","title":{"rendered":"Magi\u010dna prerokba (44 kart + knji\u017eica), Cristy \u017dmahar"},"content":{"rendered":"<p><strong>\u010carodejske karte, ki so skrivnostne, a hkrati podajajo jasne odgovore. A ne kakr\u0161nekoli odgovore. <\/strong>Odgovore, ki navdihujejo in ti dajejo vedeti, da nosi\u0161 v sebi prav posebne sposobnosti, s katerimi lahko svoje \u017eivljenje spremeni\u0161 v pravo \u010darovnijo. Magi in maginje na Zemlji so to namre\u010d znali \u2013 pisati svoje lastne prerokbe z upravljanjem notranje \u010darovnije, ki se je tako lahko izrazila tudi navzven.<\/p>\n<p>A to ni bilo vse. Zaradi stika z magijo so ta veli\u010dastna bitja \u017eivela \u017eivljenja polna modrosti, jasnovidnih sposobnosti, znala so pogledati v prihodnost in jo ustvarjati iz sedanjega trenutka tako, kot so sama \u017eelela. Ta magi\u010dna znanja so s\u010dasoma v moderni dobi zbledela. \u010clovek se je za\u010del zana\u0161ati na tehnologijo, bolj kot na to starodavno mo\u010d, ki jo vsak nosi v sebi. \u010cas je, da se to spremeni in da se magija vrne na planet.<\/p>\n<p>\u010ce si izbral(-a) te karte, to zagotovo pomeni, da te kli\u010dejo \u010darodejski spomini, ki jih \u017ee zelo dolgo nosi\u0161 v sebi. Si pripravljen(-a) ustvariti lastne magi\u010dne prerokbe? Potem so te karte zate!<\/p>\n<p><strong>Nekaj o ilustracijah kart<\/strong><\/p>\n<p>Digitalna umetnost, ki krasi te karte ni navadna umetnost. Te karte niso \u00bbsamo \u0161e ene\u00ab lepe karte, so \u017eiva bitja in to bo\u0161 za\u010dutil(-a) tudi sam(-a). Kajti ilustracije so portalne slike, ki dobesedno odprejo pot magi\u010dnih bitij do tebe. So energijske slike, energijski portali. To se \u010duti \u017ee preko spleta, vsekakor pa se to za\u010duti predvsem tako, da karte prime\u0161 v roke fizi\u010dno.<\/p>\n<p>Da, slike so jezik. So \u017eive. Govorijo. Kot digitalni umetniki so Oracle Gardians, ki so ustvarjali te karte, unikatni zato, ker ne \u201csamo\u201d ri\u0161ejo eteri\u010dna bitja.Oni jih \u010dutijo, \u017eivijo z njimi, meditirajo z njimi, in kot jih vidijo, po njihovem nareku prenesejo na fizi\u010dne upodobitve.<\/p>\n<p>Tako jih iniciirajo in vdihnejo njihovo energijo v digitalne slike. Zato so te slike portali do \u010darodejev in \u010darodejk, ki te varujejo in ljubijo. Z njihovimi slikami in kanaliziranimi pisnimi sporoc\u02c7ili kart bodo lahko sodelovali s teboj, te podpirali in vodili.<\/p>\n","protected":false},"excerpt":{"rendered":"<p>\u010carodejske karte, ki so skrivnostne, a hkrati podajajo jasne odgovore. A ne kakr\u0161nekoli odgovore. Odgovore, ki navdihujejo in ti dajejo vedeti, da nosi\u0161 v sebi prav posebne sposobnosti, s katerimi lahko svoje \u017eivljenje spremeni\u0161 v pravo \u010darovnijo. Magi in maginje na Zemlji so to namre\u010d znali \u2013 pisati svoje lastne prerokbe z upravljanjem notranje \u010darovnije, [&hellip;]<\/p>\n","protected":false},"featured_media":55114,"template":"","meta":{"_monsterinsights_skip_tracking":false,"_monsterinsights_sitenote_active":false,"_monsterinsights_sitenote_note":"","_monsterinsights_sitenote_category":0},"product_brand":[],"product_cat":[37,16,18],"product_tag":[],"class_list":{"0":"post-55113","1":"product","2":"type-product","3":"status-publish","4":"has-post-thumbnail","6":"product_cat-duhovnost-in-osebna-rast","7":"product_cat-katalog-knjig","8":"product_cat-nove-knjige","10":"first","11":"instock","12":"taxable","13":"shipping-taxable","14":"purchasable","15":"product-type-simple"},"jetpack_sharing_enabled":true,"_links":{"self":[{"href":"https:\/\/www.antikvariat-vodnik.si\/index.php?rest_route=\/wp\/v2\/product\/55113","targetHints":{"allow":["GET"]}}],"collection":[{"href":"https:\/\/www.antikvariat-vodnik.si\/index.php?rest_route=\/wp\/v2\/product"}],"about":[{"href":"https:\/\/www.antikvariat-vodnik.si\/index.php?rest_route=\/wp\/v2\/types\/product"}],"wp:featuredmedia":[{"embeddable":true,"href":"https:\/\/www.antikvariat-vodnik.si\/index.php?rest_route=\/wp\/v2\/media\/55114"}],"wp:attachment":[{"href":"https:\/\/www.antikvariat-vodnik.si\/index.php?rest_route=%2Fwp%2Fv2%2Fmedia&parent=55113"}],"wp:term":[{"taxonomy":"product_brand","embeddable":true,"href":"https:\/\/www.antikvariat-vodnik.si\/index.php?rest_route=%2Fwp%2Fv2%2Fproduct_brand&post=55113"},{"taxonomy":"product_cat","embeddable":true,"href":"https:\/\/www.antikvariat-vodnik.si\/index.php?rest_route=%2Fwp%2Fv2%2Fproduct_cat&post=55113"},{"taxonomy":"product_tag","embeddable":true,"href":"https:\/\/www.antikvariat-vodnik.si\/index.php?rest_route=%2Fwp%2Fv2%2Fproduct_tag&post=55113"}],"curies":[{"name":"wp","href":"https:\/\/api.w.org\/{rel}","templated":true}]}}