{"id":55107,"date":"2024-06-19T17:30:12","date_gmt":"2024-06-19T15:30:12","guid":{"rendered":"https:\/\/www.antikvariat-vodnik.si\/?post_type=product&#038;p=55107"},"modified":"2025-10-06T12:37:52","modified_gmt":"2025-10-06T10:37:52","slug":"badger-the-expert-helene-kraljic","status":"publish","type":"product","link":"https:\/\/www.antikvariat-vodnik.si\/?product=badger-the-expert-helene-kraljic","title":{"rendered":"Badger the expert, Helene Kralji\u010d"},"content":{"rendered":"<p><strong>Mojster Jazbec v slikanici Badger the expert, ki je iz\u0161la v angle\u0161\u010dini \u2026<\/strong><\/p>\n<p>Ste \u017ee sre\u010dali medveda, ki poje? Kaj pa lisico, ki ple\u0161e? Pa kolesarko veverico ali \u017eonglerja volka? Pa sovo, ki strelja z lokom, in zaj\u010dka, ki ska\u010de v vi\u0161ino? \u0160e ne? Potem je slikanica Mojster jazbec, ki sta jo soustvarili pisateljica Helena Kralji\u010d in ilustratorka Jane Chapman, kot nala\u0161\u010d za vas. V njej boste na\u0161li odgovore na mnoga vpra\u0161anja. Lepo je, \u010de smo radovedni, \u010de se \u010dudimo stvarem in se o njih pogovarjamo. Zato se tudi jazbec spra\u0161uje, v \u010dem je dober, prijatelji pa se \u010dudijo, kam je izginil, ko ga nekega dne ne najdejo doma.<\/p>\n<p>Preberite skupaj to odli\u010dno slikanico, v kateri boste na\u0161li odgovore na ta in druga vpra\u0161anja. Vpra\u0161anja so pomembna, \u010de smo radovedni. In lepo je, \u010de nas stvari zanimajo, \u010de se jim \u010dudimo in se o njih pogovarjamo. Zato se tudi jazbec spra\u0161uje, v \u010dem je dober, prijatelji pa se \u010dudijo, kam je izginil, ko ga nekega dne ne najdejo doma. Kaj pa bi vi vpra\u0161ali jazbeca, \u010de bi ga sre\u010dali? Bi vam morda prebral to slikanico? Tudi \u010de ga ne boste sre\u010dali, vam \u017eelim, da bi se v dru\u017ebi gozdnih prijateljev nadvse zabavali. &#8211;\u00a0Dr. Igor Saksida<\/p>\n","protected":false},"excerpt":{"rendered":"<p>Mojster Jazbec v slikanici Badger the expert, ki je iz\u0161la v angle\u0161\u010dini \u2026 Ste \u017ee sre\u010dali medveda, ki poje? Kaj pa lisico, ki ple\u0161e? Pa kolesarko veverico ali \u017eonglerja volka? Pa sovo, ki strelja z lokom, in zaj\u010dka, ki ska\u010de v vi\u0161ino? \u0160e ne? Potem je slikanica Mojster jazbec, ki sta jo soustvarili pisateljica Helena [&hellip;]<\/p>\n","protected":false},"featured_media":55108,"template":"","meta":{"_monsterinsights_skip_tracking":false,"_monsterinsights_sitenote_active":false,"_monsterinsights_sitenote_note":"","_monsterinsights_sitenote_category":0},"product_brand":[],"product_cat":[16,18,40],"product_tag":[],"class_list":{"0":"post-55107","1":"product","2":"type-product","3":"status-publish","4":"has-post-thumbnail","6":"product_cat-katalog-knjig","7":"product_cat-nove-knjige","8":"product_cat-otroska-mladinska-literatura","10":"first","11":"instock","12":"taxable","13":"shipping-taxable","14":"purchasable","15":"product-type-simple"},"jetpack_sharing_enabled":true,"_links":{"self":[{"href":"https:\/\/www.antikvariat-vodnik.si\/index.php?rest_route=\/wp\/v2\/product\/55107","targetHints":{"allow":["GET"]}}],"collection":[{"href":"https:\/\/www.antikvariat-vodnik.si\/index.php?rest_route=\/wp\/v2\/product"}],"about":[{"href":"https:\/\/www.antikvariat-vodnik.si\/index.php?rest_route=\/wp\/v2\/types\/product"}],"wp:featuredmedia":[{"embeddable":true,"href":"https:\/\/www.antikvariat-vodnik.si\/index.php?rest_route=\/wp\/v2\/media\/55108"}],"wp:attachment":[{"href":"https:\/\/www.antikvariat-vodnik.si\/index.php?rest_route=%2Fwp%2Fv2%2Fmedia&parent=55107"}],"wp:term":[{"taxonomy":"product_brand","embeddable":true,"href":"https:\/\/www.antikvariat-vodnik.si\/index.php?rest_route=%2Fwp%2Fv2%2Fproduct_brand&post=55107"},{"taxonomy":"product_cat","embeddable":true,"href":"https:\/\/www.antikvariat-vodnik.si\/index.php?rest_route=%2Fwp%2Fv2%2Fproduct_cat&post=55107"},{"taxonomy":"product_tag","embeddable":true,"href":"https:\/\/www.antikvariat-vodnik.si\/index.php?rest_route=%2Fwp%2Fv2%2Fproduct_tag&post=55107"}],"curies":[{"name":"wp","href":"https:\/\/api.w.org\/{rel}","templated":true}]}}