{"id":54634,"date":"2024-05-28T17:30:59","date_gmt":"2024-05-28T15:30:59","guid":{"rendered":"https:\/\/www.antikvariat-vodnik.si\/?post_type=product&#038;p=54634"},"modified":"2024-05-28T17:31:02","modified_gmt":"2024-05-28T15:31:02","slug":"liturgicni-prirocnik-2-manuale-liturgicum-anton-martin-slomsek","status":"publish","type":"product","link":"https:\/\/www.antikvariat-vodnik.si\/?product=liturgicni-prirocnik-2-manuale-liturgicum-anton-martin-slomsek","title":{"rendered":"LITURGI\u010cNI PRIRO\u010cNIK 2; MANUALE LITURGICUM, Anton Martin Slom\u0161ek"},"content":{"rendered":"<p>496 strani, trda vezava, \u0161\u010ditni ovitek, 21 cm, Mohorjeva, 2011, lepo ohranjena.<\/p>\n","protected":false},"excerpt":{"rendered":"<p>496 strani, trda vezava, \u0161\u010ditni ovitek, 21 cm, Mohorjeva, 2011, lepo ohranjena.<\/p>\n","protected":false},"featured_media":54635,"template":"","meta":{"_monsterinsights_skip_tracking":false,"_monsterinsights_sitenote_active":false,"_monsterinsights_sitenote_note":"","_monsterinsights_sitenote_category":0},"product_brand":[],"product_cat":[17,16,30],"product_tag":[],"class_list":{"0":"post-54634","1":"product","2":"type-product","3":"status-publish","4":"has-post-thumbnail","6":"product_cat-antikvarne-knjige","7":"product_cat-katalog-knjig","8":"product_cat-religija","10":"first","11":"instock","12":"taxable","13":"shipping-taxable","14":"purchasable","15":"product-type-simple"},"jetpack_sharing_enabled":true,"_links":{"self":[{"href":"https:\/\/www.antikvariat-vodnik.si\/index.php?rest_route=\/wp\/v2\/product\/54634","targetHints":{"allow":["GET"]}}],"collection":[{"href":"https:\/\/www.antikvariat-vodnik.si\/index.php?rest_route=\/wp\/v2\/product"}],"about":[{"href":"https:\/\/www.antikvariat-vodnik.si\/index.php?rest_route=\/wp\/v2\/types\/product"}],"wp:featuredmedia":[{"embeddable":true,"href":"https:\/\/www.antikvariat-vodnik.si\/index.php?rest_route=\/wp\/v2\/media\/54635"}],"wp:attachment":[{"href":"https:\/\/www.antikvariat-vodnik.si\/index.php?rest_route=%2Fwp%2Fv2%2Fmedia&parent=54634"}],"wp:term":[{"taxonomy":"product_brand","embeddable":true,"href":"https:\/\/www.antikvariat-vodnik.si\/index.php?rest_route=%2Fwp%2Fv2%2Fproduct_brand&post=54634"},{"taxonomy":"product_cat","embeddable":true,"href":"https:\/\/www.antikvariat-vodnik.si\/index.php?rest_route=%2Fwp%2Fv2%2Fproduct_cat&post=54634"},{"taxonomy":"product_tag","embeddable":true,"href":"https:\/\/www.antikvariat-vodnik.si\/index.php?rest_route=%2Fwp%2Fv2%2Fproduct_tag&post=54634"}],"curies":[{"name":"wp","href":"https:\/\/api.w.org\/{rel}","templated":true}]}}