{"id":54608,"date":"2024-05-28T16:17:12","date_gmt":"2024-05-28T14:17:12","guid":{"rendered":"https:\/\/www.antikvariat-vodnik.si\/?post_type=product&#038;p=54608"},"modified":"2024-05-28T16:17:15","modified_gmt":"2024-05-28T14:17:15","slug":"parapsihologija-milan-ryzl-2","status":"publish","type":"product","link":"https:\/\/www.antikvariat-vodnik.si\/?product=parapsihologija-milan-ryzl-2","title":{"rendered":"PARAPSIHOLOGIJA, Milan R\u00fdzl"},"content":{"rendered":"<p>V hrva\u0161kem jeziku. 292 strani, trda vezava, \u0161\u010ditni ovitek, 20 cm, Prosvjeta, 1978, lepo ohranjena<\/p>\n","protected":false},"excerpt":{"rendered":"<p>V hrva\u0161kem jeziku. 292 strani, trda vezava, \u0161\u010ditni ovitek, 20 cm, Prosvjeta, 1978, lepo ohranjena<\/p>\n","protected":false},"featured_media":54609,"template":"","meta":{"_monsterinsights_skip_tracking":false,"_monsterinsights_sitenote_active":false,"_monsterinsights_sitenote_note":"","_monsterinsights_sitenote_category":0},"product_brand":[],"product_cat":[17,88,19,16,28,75],"product_tag":[],"class_list":{"0":"post-54608","1":"product","2":"type-product","3":"status-publish","4":"has-post-thumbnail","6":"product_cat-antikvarne-knjige","7":"product_cat-filozofija-psihologija-sociologija","8":"product_cat-humanistika-druzboslovje","9":"product_cat-katalog-knjig","10":"product_cat-knjige-v-tujih-jezikih","11":"product_cat-srbski-hrvaski-jezik","13":"first","14":"instock","15":"taxable","16":"shipping-taxable","17":"purchasable","18":"product-type-simple"},"jetpack_sharing_enabled":true,"_links":{"self":[{"href":"https:\/\/www.antikvariat-vodnik.si\/index.php?rest_route=\/wp\/v2\/product\/54608","targetHints":{"allow":["GET"]}}],"collection":[{"href":"https:\/\/www.antikvariat-vodnik.si\/index.php?rest_route=\/wp\/v2\/product"}],"about":[{"href":"https:\/\/www.antikvariat-vodnik.si\/index.php?rest_route=\/wp\/v2\/types\/product"}],"wp:featuredmedia":[{"embeddable":true,"href":"https:\/\/www.antikvariat-vodnik.si\/index.php?rest_route=\/wp\/v2\/media\/54609"}],"wp:attachment":[{"href":"https:\/\/www.antikvariat-vodnik.si\/index.php?rest_route=%2Fwp%2Fv2%2Fmedia&parent=54608"}],"wp:term":[{"taxonomy":"product_brand","embeddable":true,"href":"https:\/\/www.antikvariat-vodnik.si\/index.php?rest_route=%2Fwp%2Fv2%2Fproduct_brand&post=54608"},{"taxonomy":"product_cat","embeddable":true,"href":"https:\/\/www.antikvariat-vodnik.si\/index.php?rest_route=%2Fwp%2Fv2%2Fproduct_cat&post=54608"},{"taxonomy":"product_tag","embeddable":true,"href":"https:\/\/www.antikvariat-vodnik.si\/index.php?rest_route=%2Fwp%2Fv2%2Fproduct_tag&post=54608"}],"curies":[{"name":"wp","href":"https:\/\/api.w.org\/{rel}","templated":true}]}}