{"id":54008,"date":"2024-05-15T12:51:40","date_gmt":"2024-05-15T10:51:40","guid":{"rendered":"https:\/\/www.antikvariat-vodnik.si\/?post_type=product&#038;p=54008"},"modified":"2025-12-02T22:30:47","modified_gmt":"2025-12-02T21:30:47","slug":"umjetnost-u-slici-slavko-batusic","status":"publish","type":"product","link":"https:\/\/www.antikvariat-vodnik.si\/?product=umjetnost-u-slici-slavko-batusic","title":{"rendered":"UMJETNOST U SLICI, Slavko Batu\u0161i\u010d"},"content":{"rendered":"<p>V hra\u0161kem jeziku. 728 strani, trda vezava, 24.5 cm, Matica Hrvatska, 1957, lepo ohranjena.<\/p>\n","protected":false},"excerpt":{"rendered":"<p>V hra\u0161kem jeziku. 728 strani, trda vezava, 24.5 cm, Matica Hrvatska, 1957, lepo ohranjena.<\/p>\n","protected":false},"featured_media":54010,"template":"","meta":{"_monsterinsights_skip_tracking":false,"_monsterinsights_sitenote_active":false,"_monsterinsights_sitenote_note":"","_monsterinsights_sitenote_category":0},"product_brand":[],"product_cat":[17,16,28,58,59,75,24],"product_tag":[],"class_list":{"0":"post-54008","1":"product","2":"type-product","3":"status-publish","4":"has-post-thumbnail","6":"product_cat-antikvarne-knjige","7":"product_cat-katalog-knjig","8":"product_cat-knjige-v-tujih-jezikih","9":"product_cat-o-umetnosti","10":"product_cat-slikarstvo-kiparstvo-grafika","11":"product_cat-srbski-hrvaski-jezik","12":"product_cat-umetnost","14":"first","15":"outofstock","16":"taxable","17":"shipping-taxable","18":"purchasable","19":"product-type-simple"},"jetpack_sharing_enabled":true,"_links":{"self":[{"href":"https:\/\/www.antikvariat-vodnik.si\/index.php?rest_route=\/wp\/v2\/product\/54008","targetHints":{"allow":["GET"]}}],"collection":[{"href":"https:\/\/www.antikvariat-vodnik.si\/index.php?rest_route=\/wp\/v2\/product"}],"about":[{"href":"https:\/\/www.antikvariat-vodnik.si\/index.php?rest_route=\/wp\/v2\/types\/product"}],"wp:featuredmedia":[{"embeddable":true,"href":"https:\/\/www.antikvariat-vodnik.si\/index.php?rest_route=\/wp\/v2\/media\/54010"}],"wp:attachment":[{"href":"https:\/\/www.antikvariat-vodnik.si\/index.php?rest_route=%2Fwp%2Fv2%2Fmedia&parent=54008"}],"wp:term":[{"taxonomy":"product_brand","embeddable":true,"href":"https:\/\/www.antikvariat-vodnik.si\/index.php?rest_route=%2Fwp%2Fv2%2Fproduct_brand&post=54008"},{"taxonomy":"product_cat","embeddable":true,"href":"https:\/\/www.antikvariat-vodnik.si\/index.php?rest_route=%2Fwp%2Fv2%2Fproduct_cat&post=54008"},{"taxonomy":"product_tag","embeddable":true,"href":"https:\/\/www.antikvariat-vodnik.si\/index.php?rest_route=%2Fwp%2Fv2%2Fproduct_tag&post=54008"}],"curies":[{"name":"wp","href":"https:\/\/api.w.org\/{rel}","templated":true}]}}