{"id":53641,"date":"2024-05-05T15:13:50","date_gmt":"2024-05-05T13:13:50","guid":{"rendered":"https:\/\/www.antikvariat-vodnik.si\/?post_type=product&#038;p=53641"},"modified":"2026-01-24T10:40:07","modified_gmt":"2026-01-24T09:40:07","slug":"odvrzeni-gabriel-garcia-marques","status":"publish","type":"product","link":"https:\/\/www.antikvariat-vodnik.si\/?product=odvrzeni-gabriel-garcia-marques","title":{"rendered":"ODVR\u017dENI, Gabriel Garcia Marques"},"content":{"rendered":"<p>128 strani, trda vezava (s \u0161\u010ditnim ovitkom), 20 cm, Pomurska zalo\u017eba, 1982, lepo ohranjena.<\/p>\n","protected":false},"excerpt":{"rendered":"<p>128 strani, trda vezava (s \u0161\u010ditnim ovitkom), 20 cm, Pomurska zalo\u017eba, 1982, lepo ohranjena.<\/p>\n","protected":false},"featured_media":53642,"template":"","meta":{"_monsterinsights_skip_tracking":false,"_monsterinsights_sitenote_active":false,"_monsterinsights_sitenote_note":"","_monsterinsights_sitenote_category":0},"product_brand":[],"product_cat":[17,16,27,65,68],"product_tag":[],"class_list":{"0":"post-53641","1":"product","2":"type-product","3":"status-publish","4":"has-post-thumbnail","6":"product_cat-antikvarne-knjige","7":"product_cat-katalog-knjig","8":"product_cat-leposlovje","9":"product_cat-proza-tuji-avtorji","10":"product_cat-zanrska-proza-zgodovinski-kriminalni-ljubezenski-znanstvenofantasticni-romani","12":"first","13":"instock","14":"taxable","15":"shipping-taxable","16":"purchasable","17":"product-type-simple"},"jetpack_sharing_enabled":true,"_links":{"self":[{"href":"https:\/\/www.antikvariat-vodnik.si\/index.php?rest_route=\/wp\/v2\/product\/53641","targetHints":{"allow":["GET"]}}],"collection":[{"href":"https:\/\/www.antikvariat-vodnik.si\/index.php?rest_route=\/wp\/v2\/product"}],"about":[{"href":"https:\/\/www.antikvariat-vodnik.si\/index.php?rest_route=\/wp\/v2\/types\/product"}],"wp:featuredmedia":[{"embeddable":true,"href":"https:\/\/www.antikvariat-vodnik.si\/index.php?rest_route=\/wp\/v2\/media\/53642"}],"wp:attachment":[{"href":"https:\/\/www.antikvariat-vodnik.si\/index.php?rest_route=%2Fwp%2Fv2%2Fmedia&parent=53641"}],"wp:term":[{"taxonomy":"product_brand","embeddable":true,"href":"https:\/\/www.antikvariat-vodnik.si\/index.php?rest_route=%2Fwp%2Fv2%2Fproduct_brand&post=53641"},{"taxonomy":"product_cat","embeddable":true,"href":"https:\/\/www.antikvariat-vodnik.si\/index.php?rest_route=%2Fwp%2Fv2%2Fproduct_cat&post=53641"},{"taxonomy":"product_tag","embeddable":true,"href":"https:\/\/www.antikvariat-vodnik.si\/index.php?rest_route=%2Fwp%2Fv2%2Fproduct_tag&post=53641"}],"curies":[{"name":"wp","href":"https:\/\/api.w.org\/{rel}","templated":true}]}}