{"id":53273,"date":"2024-04-22T16:31:38","date_gmt":"2024-04-22T14:31:38","guid":{"rendered":"https:\/\/www.antikvariat-vodnik.si\/?post_type=product&#038;p=53273"},"modified":"2026-04-12T10:56:53","modified_gmt":"2026-04-12T08:56:53","slug":"matematicni-prirocnik-j-n-bronstejn-in-k-a-semendjajev","status":"publish","type":"product","link":"https:\/\/www.antikvariat-vodnik.si\/?product=matematicni-prirocnik-j-n-bronstejn-in-k-a-semendjajev","title":{"rendered":"MATEMATI\u010cNI PRIRO\u010cNIK, J. N. Bron\u0161tejn in K. A. Semendjajev"},"content":{"rendered":"<p>700 strani, mehka vezava, 17 cm, Tehni\u0161ka zalo\u017eba, 1975, lepo ohranjena.<\/p>\n","protected":false},"excerpt":{"rendered":"<p>700 strani, mehka vezava, 17 cm, Tehni\u0161ka zalo\u017eba, 1975, lepo ohranjena.<\/p>\n","protected":false},"featured_media":53274,"template":"","meta":{"_monsterinsights_skip_tracking":false,"_monsterinsights_sitenote_active":false,"_monsterinsights_sitenote_note":"","_monsterinsights_sitenote_category":0},"product_brand":[],"product_cat":[17,16,56,25,57],"product_tag":[],"class_list":{"0":"post-53273","1":"product","2":"type-product","3":"status-publish","4":"has-post-thumbnail","6":"product_cat-antikvarne-knjige","7":"product_cat-katalog-knjig","8":"product_cat-matematika-fizika-kemija-geologija-biologija","9":"product_cat-naravoslovje-medicina-tehnika","10":"product_cat-tehnika","12":"first","13":"instock","14":"taxable","15":"shipping-taxable","16":"purchasable","17":"product-type-simple"},"jetpack_sharing_enabled":true,"_links":{"self":[{"href":"https:\/\/www.antikvariat-vodnik.si\/index.php?rest_route=\/wp\/v2\/product\/53273","targetHints":{"allow":["GET"]}}],"collection":[{"href":"https:\/\/www.antikvariat-vodnik.si\/index.php?rest_route=\/wp\/v2\/product"}],"about":[{"href":"https:\/\/www.antikvariat-vodnik.si\/index.php?rest_route=\/wp\/v2\/types\/product"}],"wp:featuredmedia":[{"embeddable":true,"href":"https:\/\/www.antikvariat-vodnik.si\/index.php?rest_route=\/wp\/v2\/media\/53274"}],"wp:attachment":[{"href":"https:\/\/www.antikvariat-vodnik.si\/index.php?rest_route=%2Fwp%2Fv2%2Fmedia&parent=53273"}],"wp:term":[{"taxonomy":"product_brand","embeddable":true,"href":"https:\/\/www.antikvariat-vodnik.si\/index.php?rest_route=%2Fwp%2Fv2%2Fproduct_brand&post=53273"},{"taxonomy":"product_cat","embeddable":true,"href":"https:\/\/www.antikvariat-vodnik.si\/index.php?rest_route=%2Fwp%2Fv2%2Fproduct_cat&post=53273"},{"taxonomy":"product_tag","embeddable":true,"href":"https:\/\/www.antikvariat-vodnik.si\/index.php?rest_route=%2Fwp%2Fv2%2Fproduct_tag&post=53273"}],"curies":[{"name":"wp","href":"https:\/\/api.w.org\/{rel}","templated":true}]}}