{"id":52551,"date":"2024-03-31T12:03:10","date_gmt":"2024-03-31T10:03:10","guid":{"rendered":"https:\/\/www.antikvariat-vodnik.si\/?post_type=product&#038;p=52551"},"modified":"2024-03-31T12:10:21","modified_gmt":"2024-03-31T10:10:21","slug":"od-staroslavenskog-vrastva-do-suvremenog-lijeka-franc-minarik","status":"publish","type":"product","link":"https:\/\/www.antikvariat-vodnik.si\/?product=od-staroslavenskog-vrastva-do-suvremenog-lijeka-franc-minarik","title":{"rendered":"OD STAROSLAVENSKOG VRA\u0160TVA DO SUVREMENOG LIJEKA, Franc Minarik"},"content":{"rendered":"<p>212 strani, trda vezava (s \u0161\u010ditnim ovitkom), 23 cm, Lek, 1971, lepo ohranjena.<\/p>\n","protected":false},"excerpt":{"rendered":"<p>212 strani, trda vezava (s \u0161\u010ditnim ovitkom), 23 cm, Lek, 1971, lepo ohranjena.<\/p>\n","protected":false},"featured_media":52552,"template":"","meta":{"_monsterinsights_skip_tracking":false,"_monsterinsights_sitenote_active":false,"_monsterinsights_sitenote_note":"","_monsterinsights_sitenote_category":0},"product_brand":[],"product_cat":[17,19,16,28,95,25,75],"product_tag":[],"class_list":{"0":"post-52551","1":"product","2":"type-product","3":"status-publish","4":"has-post-thumbnail","6":"product_cat-antikvarne-knjige","7":"product_cat-humanistika-druzboslovje","8":"product_cat-katalog-knjig","9":"product_cat-knjige-v-tujih-jezikih","10":"product_cat-kultura-humanistika-druzboslovje","11":"product_cat-naravoslovje-medicina-tehnika","12":"product_cat-srbski-hrvaski-jezik","14":"first","15":"instock","16":"taxable","17":"shipping-taxable","18":"purchasable","19":"product-type-simple"},"jetpack_sharing_enabled":true,"_links":{"self":[{"href":"https:\/\/www.antikvariat-vodnik.si\/index.php?rest_route=\/wp\/v2\/product\/52551","targetHints":{"allow":["GET"]}}],"collection":[{"href":"https:\/\/www.antikvariat-vodnik.si\/index.php?rest_route=\/wp\/v2\/product"}],"about":[{"href":"https:\/\/www.antikvariat-vodnik.si\/index.php?rest_route=\/wp\/v2\/types\/product"}],"wp:featuredmedia":[{"embeddable":true,"href":"https:\/\/www.antikvariat-vodnik.si\/index.php?rest_route=\/wp\/v2\/media\/52552"}],"wp:attachment":[{"href":"https:\/\/www.antikvariat-vodnik.si\/index.php?rest_route=%2Fwp%2Fv2%2Fmedia&parent=52551"}],"wp:term":[{"taxonomy":"product_brand","embeddable":true,"href":"https:\/\/www.antikvariat-vodnik.si\/index.php?rest_route=%2Fwp%2Fv2%2Fproduct_brand&post=52551"},{"taxonomy":"product_cat","embeddable":true,"href":"https:\/\/www.antikvariat-vodnik.si\/index.php?rest_route=%2Fwp%2Fv2%2Fproduct_cat&post=52551"},{"taxonomy":"product_tag","embeddable":true,"href":"https:\/\/www.antikvariat-vodnik.si\/index.php?rest_route=%2Fwp%2Fv2%2Fproduct_tag&post=52551"}],"curies":[{"name":"wp","href":"https:\/\/api.w.org\/{rel}","templated":true}]}}