{"id":52461,"date":"2024-03-28T17:36:54","date_gmt":"2024-03-28T16:36:54","guid":{"rendered":"https:\/\/www.antikvariat-vodnik.si\/?post_type=product&#038;p=52461"},"modified":"2024-03-28T17:36:58","modified_gmt":"2024-03-28T16:36:58","slug":"hci-prinasalke-luci-o-r-melling","status":"publish","type":"product","link":"https:\/\/www.antikvariat-vodnik.si\/?product=hci-prinasalke-luci-o-r-melling","title":{"rendered":"H\u010cI PRINA\u0160ALKE LU\u010cI, O. R. Melling"},"content":{"rendered":"<p>184 strani, trda vezava, 20.5 cm, Mi\u0161, 2006, lepo ohranjena.<\/p>\n","protected":false},"excerpt":{"rendered":"<p>184 strani, trda vezava, 20.5 cm, Mi\u0161, 2006, lepo ohranjena.<\/p>\n","protected":false},"featured_media":52462,"template":"","meta":{"_monsterinsights_skip_tracking":false,"_monsterinsights_sitenote_active":false,"_monsterinsights_sitenote_note":"","_monsterinsights_sitenote_category":0},"product_brand":[],"product_cat":[17,16,29,27,78,65,68],"product_tag":[],"class_list":{"0":"post-52461","1":"product","2":"type-product","3":"status-publish","4":"has-post-thumbnail","6":"product_cat-antikvarne-knjige","7":"product_cat-katalog-knjig","8":"product_cat-knjige-za-otroke-in-mladino","9":"product_cat-leposlovje","10":"product_cat-leposlovje-za-mladino-stripi","11":"product_cat-proza-tuji-avtorji","12":"product_cat-zanrska-proza-zgodovinski-kriminalni-ljubezenski-znanstvenofantasticni-romani","14":"first","15":"instock","16":"taxable","17":"shipping-taxable","18":"purchasable","19":"product-type-simple"},"jetpack_sharing_enabled":true,"_links":{"self":[{"href":"https:\/\/www.antikvariat-vodnik.si\/index.php?rest_route=\/wp\/v2\/product\/52461","targetHints":{"allow":["GET"]}}],"collection":[{"href":"https:\/\/www.antikvariat-vodnik.si\/index.php?rest_route=\/wp\/v2\/product"}],"about":[{"href":"https:\/\/www.antikvariat-vodnik.si\/index.php?rest_route=\/wp\/v2\/types\/product"}],"wp:featuredmedia":[{"embeddable":true,"href":"https:\/\/www.antikvariat-vodnik.si\/index.php?rest_route=\/wp\/v2\/media\/52462"}],"wp:attachment":[{"href":"https:\/\/www.antikvariat-vodnik.si\/index.php?rest_route=%2Fwp%2Fv2%2Fmedia&parent=52461"}],"wp:term":[{"taxonomy":"product_brand","embeddable":true,"href":"https:\/\/www.antikvariat-vodnik.si\/index.php?rest_route=%2Fwp%2Fv2%2Fproduct_brand&post=52461"},{"taxonomy":"product_cat","embeddable":true,"href":"https:\/\/www.antikvariat-vodnik.si\/index.php?rest_route=%2Fwp%2Fv2%2Fproduct_cat&post=52461"},{"taxonomy":"product_tag","embeddable":true,"href":"https:\/\/www.antikvariat-vodnik.si\/index.php?rest_route=%2Fwp%2Fv2%2Fproduct_tag&post=52461"}],"curies":[{"name":"wp","href":"https:\/\/api.w.org\/{rel}","templated":true}]}}