{"id":5236,"date":"2021-01-24T16:22:46","date_gmt":"2021-01-24T15:22:46","guid":{"rendered":"https:\/\/www.antikvariat-vodnik.si\/?post_type=product&#038;p=5236"},"modified":"2021-01-24T16:26:45","modified_gmt":"2021-01-24T15:26:45","slug":"razprave-iz-slovenske-umetnosti-zbornik","status":"publish","type":"product","link":"https:\/\/www.antikvariat-vodnik.si\/?product=razprave-iz-slovenske-umetnosti-zbornik","title":{"rendered":"RAZPRAVE IZ SLOVENSKE UMETNOSTI, Zbornik"},"content":{"rendered":"<div class=\"base-entity-description\">\n<div class=\"passage-standard passage-standard--alpha\">\n<div id=\"__xclaimwords_wrapper\">\n<p>360 strani, bro\u0161irano, \u0161ivano + \u0161\u010ditni vovitek, 17 x 24 cm, Narodni muzej 1999, lepo ohrnjeno.<\/p>\n<\/div>\n<\/div>\n<\/div>\n<div class=\"base-entity-additional-data\">\n<div class=\"base-entity-features \">\n<div class=\"BaseEntityThumbnails BaseEntityThumbnails--features\">\n<p>&nbsp;<\/p>\n<\/div>\n<\/div>\n<\/div>\n","protected":false},"excerpt":{"rendered":"<p>360 strani, bro\u0161irano, \u0161ivano + \u0161\u010ditni vovitek, 17 x 24 cm, Narodni muzej 1999, lepo ohrnjeno. &nbsp;<\/p>\n","protected":false},"featured_media":5241,"template":"","meta":{"_monsterinsights_skip_tracking":false,"_monsterinsights_sitenote_active":false,"_monsterinsights_sitenote_note":"","_monsterinsights_sitenote_category":0},"product_brand":[],"product_cat":[17,19,16,58,104,24],"product_tag":[],"class_list":{"0":"post-5236","1":"product","2":"type-product","3":"status-publish","4":"has-post-thumbnail","6":"product_cat-antikvarne-knjige","7":"product_cat-humanistika-druzboslovje","8":"product_cat-katalog-knjig","9":"product_cat-o-umetnosti","10":"product_cat-ucbeniki","11":"product_cat-umetnost","13":"first","14":"instock","15":"taxable","16":"shipping-taxable","17":"purchasable","18":"product-type-simple"},"jetpack_sharing_enabled":true,"_links":{"self":[{"href":"https:\/\/www.antikvariat-vodnik.si\/index.php?rest_route=\/wp\/v2\/product\/5236","targetHints":{"allow":["GET"]}}],"collection":[{"href":"https:\/\/www.antikvariat-vodnik.si\/index.php?rest_route=\/wp\/v2\/product"}],"about":[{"href":"https:\/\/www.antikvariat-vodnik.si\/index.php?rest_route=\/wp\/v2\/types\/product"}],"wp:featuredmedia":[{"embeddable":true,"href":"https:\/\/www.antikvariat-vodnik.si\/index.php?rest_route=\/wp\/v2\/media\/5241"}],"wp:attachment":[{"href":"https:\/\/www.antikvariat-vodnik.si\/index.php?rest_route=%2Fwp%2Fv2%2Fmedia&parent=5236"}],"wp:term":[{"taxonomy":"product_brand","embeddable":true,"href":"https:\/\/www.antikvariat-vodnik.si\/index.php?rest_route=%2Fwp%2Fv2%2Fproduct_brand&post=5236"},{"taxonomy":"product_cat","embeddable":true,"href":"https:\/\/www.antikvariat-vodnik.si\/index.php?rest_route=%2Fwp%2Fv2%2Fproduct_cat&post=5236"},{"taxonomy":"product_tag","embeddable":true,"href":"https:\/\/www.antikvariat-vodnik.si\/index.php?rest_route=%2Fwp%2Fv2%2Fproduct_tag&post=5236"}],"curies":[{"name":"wp","href":"https:\/\/api.w.org\/{rel}","templated":true}]}}