{"id":51271,"date":"2024-02-21T13:53:01","date_gmt":"2024-02-21T12:53:01","guid":{"rendered":"https:\/\/www.antikvariat-vodnik.si\/?post_type=product&#038;p=51271"},"modified":"2026-02-04T16:19:16","modified_gmt":"2026-02-04T15:19:16","slug":"12-pravil-za-zivljenje-protistrup-za-kaos-jordan-b-peterson","status":"publish","type":"product","link":"https:\/\/www.antikvariat-vodnik.si\/?product=12-pravil-za-zivljenje-protistrup-za-kaos-jordan-b-peterson","title":{"rendered":"12 PRAVIL ZA \u017dIVLJENJE; PROTISTRUP ZA KAOS, Jordan B. Peterson"},"content":{"rendered":"<p>384 strani, trda vezava, \u0161\u010ditni ovitek, 23.5 cm, Dru\u017eina, 2019, kot nova.<\/p>\n","protected":false},"excerpt":{"rendered":"<p>384 strani, trda vezava, \u0161\u010ditni ovitek, 23.5 cm, Dru\u017eina, 2019, kot nova.<\/p>\n","protected":false},"featured_media":51272,"template":"","meta":{"_monsterinsights_skip_tracking":false,"_monsterinsights_sitenote_active":false,"_monsterinsights_sitenote_note":"","_monsterinsights_sitenote_category":0},"product_brand":[],"product_cat":[17,16,89,51,26],"product_tag":[],"class_list":{"0":"post-51271","1":"product","2":"type-product","3":"status-publish","4":"has-post-thumbnail","6":"product_cat-antikvarne-knjige","7":"product_cat-katalog-knjig","8":"product_cat-osebna-rast","9":"product_cat-popularna-psihologija-ezoterika","10":"product_cat-prirocniki-uporabne-vede-duhovnost","12":"first","13":"instock","14":"taxable","15":"shipping-taxable","16":"purchasable","17":"product-type-simple"},"jetpack_sharing_enabled":true,"_links":{"self":[{"href":"https:\/\/www.antikvariat-vodnik.si\/index.php?rest_route=\/wp\/v2\/product\/51271","targetHints":{"allow":["GET"]}}],"collection":[{"href":"https:\/\/www.antikvariat-vodnik.si\/index.php?rest_route=\/wp\/v2\/product"}],"about":[{"href":"https:\/\/www.antikvariat-vodnik.si\/index.php?rest_route=\/wp\/v2\/types\/product"}],"wp:featuredmedia":[{"embeddable":true,"href":"https:\/\/www.antikvariat-vodnik.si\/index.php?rest_route=\/wp\/v2\/media\/51272"}],"wp:attachment":[{"href":"https:\/\/www.antikvariat-vodnik.si\/index.php?rest_route=%2Fwp%2Fv2%2Fmedia&parent=51271"}],"wp:term":[{"taxonomy":"product_brand","embeddable":true,"href":"https:\/\/www.antikvariat-vodnik.si\/index.php?rest_route=%2Fwp%2Fv2%2Fproduct_brand&post=51271"},{"taxonomy":"product_cat","embeddable":true,"href":"https:\/\/www.antikvariat-vodnik.si\/index.php?rest_route=%2Fwp%2Fv2%2Fproduct_cat&post=51271"},{"taxonomy":"product_tag","embeddable":true,"href":"https:\/\/www.antikvariat-vodnik.si\/index.php?rest_route=%2Fwp%2Fv2%2Fproduct_tag&post=51271"}],"curies":[{"name":"wp","href":"https:\/\/api.w.org\/{rel}","templated":true}]}}