{"id":50832,"date":"2024-02-11T12:59:59","date_gmt":"2024-02-11T11:59:59","guid":{"rendered":"https:\/\/www.antikvariat-vodnik.si\/?post_type=product&#038;p=50832"},"modified":"2026-01-15T10:54:37","modified_gmt":"2026-01-15T09:54:37","slug":"osebni-financni-nacrt-vasa-navigacija-do-ciljev-mitja-vezovisek","status":"publish","type":"product","link":"https:\/\/www.antikvariat-vodnik.si\/?product=osebni-financni-nacrt-vasa-navigacija-do-ciljev-mitja-vezovisek","title":{"rendered":"OSEBNI FINAN\u010cNI NA\u010cRT; VA\u0160A NAVIGACIJA DO CILJEV, Mitja Vezovi\u0161ek"},"content":{"rendered":"<p>112 strani, trda vezava, 21,5 cm, Vezovi\u0161ek &amp; Partnerji, 2014, lepo ohranjena.<\/p>\n","protected":false},"excerpt":{"rendered":"<p>112 strani, trda vezava, 21,5 cm, Vezovi\u0161ek &amp; Partnerji, 2014, lepo ohranjena.<\/p>\n","protected":false},"featured_media":50834,"template":"","meta":{"_monsterinsights_skip_tracking":false,"_monsterinsights_sitenote_active":false,"_monsterinsights_sitenote_note":"","_monsterinsights_sitenote_category":0},"product_brand":[],"product_cat":[17,19,16,44,26],"product_tag":[],"class_list":{"0":"post-50832","1":"product","2":"type-product","3":"status-publish","4":"has-post-thumbnail","6":"product_cat-antikvarne-knjige","7":"product_cat-humanistika-druzboslovje","8":"product_cat-katalog-knjig","9":"product_cat-pravo-ekonomija-management","10":"product_cat-prirocniki-uporabne-vede-duhovnost","12":"first","13":"outofstock","14":"taxable","15":"shipping-taxable","16":"purchasable","17":"product-type-simple"},"jetpack_sharing_enabled":true,"_links":{"self":[{"href":"https:\/\/www.antikvariat-vodnik.si\/index.php?rest_route=\/wp\/v2\/product\/50832","targetHints":{"allow":["GET"]}}],"collection":[{"href":"https:\/\/www.antikvariat-vodnik.si\/index.php?rest_route=\/wp\/v2\/product"}],"about":[{"href":"https:\/\/www.antikvariat-vodnik.si\/index.php?rest_route=\/wp\/v2\/types\/product"}],"wp:featuredmedia":[{"embeddable":true,"href":"https:\/\/www.antikvariat-vodnik.si\/index.php?rest_route=\/wp\/v2\/media\/50834"}],"wp:attachment":[{"href":"https:\/\/www.antikvariat-vodnik.si\/index.php?rest_route=%2Fwp%2Fv2%2Fmedia&parent=50832"}],"wp:term":[{"taxonomy":"product_brand","embeddable":true,"href":"https:\/\/www.antikvariat-vodnik.si\/index.php?rest_route=%2Fwp%2Fv2%2Fproduct_brand&post=50832"},{"taxonomy":"product_cat","embeddable":true,"href":"https:\/\/www.antikvariat-vodnik.si\/index.php?rest_route=%2Fwp%2Fv2%2Fproduct_cat&post=50832"},{"taxonomy":"product_tag","embeddable":true,"href":"https:\/\/www.antikvariat-vodnik.si\/index.php?rest_route=%2Fwp%2Fv2%2Fproduct_tag&post=50832"}],"curies":[{"name":"wp","href":"https:\/\/api.w.org\/{rel}","templated":true}]}}