{"id":50804,"date":"2024-02-10T16:52:48","date_gmt":"2024-02-10T15:52:48","guid":{"rendered":"https:\/\/www.antikvariat-vodnik.si\/?post_type=product&#038;p=50804"},"modified":"2025-11-07T10:40:20","modified_gmt":"2025-11-07T09:40:20","slug":"svetovne-pravljice-vec-avtorjev","status":"publish","type":"product","link":"https:\/\/www.antikvariat-vodnik.si\/?product=svetovne-pravljice-vec-avtorjev","title":{"rendered":"SVETOVNE PRAVLJICE, ve\u010d avtorjev"},"content":{"rendered":"<p>688 strani, trda vezava s \u0161\u010ditnim ovitkom, 26 cm, Nova revija, 2008, lepo ohranjena.<\/p>\n","protected":false},"excerpt":{"rendered":"<p>688 strani, trda vezava s \u0161\u010ditnim ovitkom, 26 cm, Nova revija, 2008, lepo ohranjena.<\/p>\n","protected":false},"featured_media":50806,"template":"","meta":{"_monsterinsights_skip_tracking":false,"_monsterinsights_sitenote_active":false,"_monsterinsights_sitenote_note":"","_monsterinsights_sitenote_category":0},"product_brand":[],"product_cat":[17,16,29,77],"product_tag":[],"class_list":{"0":"post-50804","1":"product","2":"type-product","3":"status-publish","4":"has-post-thumbnail","6":"product_cat-antikvarne-knjige","7":"product_cat-katalog-knjig","8":"product_cat-knjige-za-otroke-in-mladino","9":"product_cat-slikanice-pravljice","11":"first","12":"instock","13":"taxable","14":"shipping-taxable","15":"purchasable","16":"product-type-simple"},"jetpack_sharing_enabled":true,"_links":{"self":[{"href":"https:\/\/www.antikvariat-vodnik.si\/index.php?rest_route=\/wp\/v2\/product\/50804","targetHints":{"allow":["GET"]}}],"collection":[{"href":"https:\/\/www.antikvariat-vodnik.si\/index.php?rest_route=\/wp\/v2\/product"}],"about":[{"href":"https:\/\/www.antikvariat-vodnik.si\/index.php?rest_route=\/wp\/v2\/types\/product"}],"wp:featuredmedia":[{"embeddable":true,"href":"https:\/\/www.antikvariat-vodnik.si\/index.php?rest_route=\/wp\/v2\/media\/50806"}],"wp:attachment":[{"href":"https:\/\/www.antikvariat-vodnik.si\/index.php?rest_route=%2Fwp%2Fv2%2Fmedia&parent=50804"}],"wp:term":[{"taxonomy":"product_brand","embeddable":true,"href":"https:\/\/www.antikvariat-vodnik.si\/index.php?rest_route=%2Fwp%2Fv2%2Fproduct_brand&post=50804"},{"taxonomy":"product_cat","embeddable":true,"href":"https:\/\/www.antikvariat-vodnik.si\/index.php?rest_route=%2Fwp%2Fv2%2Fproduct_cat&post=50804"},{"taxonomy":"product_tag","embeddable":true,"href":"https:\/\/www.antikvariat-vodnik.si\/index.php?rest_route=%2Fwp%2Fv2%2Fproduct_tag&post=50804"}],"curies":[{"name":"wp","href":"https:\/\/api.w.org\/{rel}","templated":true}]}}