{"id":50437,"date":"2024-02-03T16:53:49","date_gmt":"2024-02-03T15:53:49","guid":{"rendered":"https:\/\/www.antikvariat-vodnik.si\/?post_type=product&#038;p=50437"},"modified":"2026-03-24T12:04:25","modified_gmt":"2026-03-24T11:04:25","slug":"ne-in-amen-uta-ranke-heinemann-2","status":"publish","type":"product","link":"https:\/\/www.antikvariat-vodnik.si\/?product=ne-in-amen-uta-ranke-heinemann-2","title":{"rendered":"NE IN AMEN, Uta Ranke Heinemann"},"content":{"rendered":"<p>360 strani, trda vezava s \u0161\u010ditnim ovitkom, 21 cm, Cankarjeva zalo\u017eba, 2000, lepo ohranjena.<\/p>\n","protected":false},"excerpt":{"rendered":"<p>360 strani, trda vezava s \u0161\u010ditnim ovitkom, 21 cm, Cankarjeva zalo\u017eba, 2000, lepo ohranjena.<\/p>\n","protected":false},"featured_media":50439,"template":"","meta":{"_monsterinsights_skip_tracking":false,"_monsterinsights_sitenote_active":false,"_monsterinsights_sitenote_note":"","_monsterinsights_sitenote_category":0},"product_brand":[],"product_cat":[17,16,30],"product_tag":[],"class_list":{"0":"post-50437","1":"product","2":"type-product","3":"status-publish","4":"has-post-thumbnail","6":"product_cat-antikvarne-knjige","7":"product_cat-katalog-knjig","8":"product_cat-religija","10":"first","11":"instock","12":"taxable","13":"shipping-taxable","14":"purchasable","15":"product-type-simple"},"jetpack_sharing_enabled":true,"_links":{"self":[{"href":"https:\/\/www.antikvariat-vodnik.si\/index.php?rest_route=\/wp\/v2\/product\/50437","targetHints":{"allow":["GET"]}}],"collection":[{"href":"https:\/\/www.antikvariat-vodnik.si\/index.php?rest_route=\/wp\/v2\/product"}],"about":[{"href":"https:\/\/www.antikvariat-vodnik.si\/index.php?rest_route=\/wp\/v2\/types\/product"}],"wp:featuredmedia":[{"embeddable":true,"href":"https:\/\/www.antikvariat-vodnik.si\/index.php?rest_route=\/wp\/v2\/media\/50439"}],"wp:attachment":[{"href":"https:\/\/www.antikvariat-vodnik.si\/index.php?rest_route=%2Fwp%2Fv2%2Fmedia&parent=50437"}],"wp:term":[{"taxonomy":"product_brand","embeddable":true,"href":"https:\/\/www.antikvariat-vodnik.si\/index.php?rest_route=%2Fwp%2Fv2%2Fproduct_brand&post=50437"},{"taxonomy":"product_cat","embeddable":true,"href":"https:\/\/www.antikvariat-vodnik.si\/index.php?rest_route=%2Fwp%2Fv2%2Fproduct_cat&post=50437"},{"taxonomy":"product_tag","embeddable":true,"href":"https:\/\/www.antikvariat-vodnik.si\/index.php?rest_route=%2Fwp%2Fv2%2Fproduct_tag&post=50437"}],"curies":[{"name":"wp","href":"https:\/\/api.w.org\/{rel}","templated":true}]}}