{"id":50315,"date":"2024-01-31T16:52:24","date_gmt":"2024-01-31T15:52:24","guid":{"rendered":"https:\/\/www.antikvariat-vodnik.si\/?post_type=product&#038;p=50315"},"modified":"2026-04-19T17:55:28","modified_gmt":"2026-04-19T15:55:28","slug":"stari-urban-ali-zimski-veceri-dobrih-kmetov-poslovenili-goriski-bogoslovci","status":"publish","type":"product","link":"https:\/\/www.antikvariat-vodnik.si\/?product=stari-urban-ali-zimski-veceri-dobrih-kmetov-poslovenili-goriski-bogoslovci","title":{"rendered":"STARI URBAN ALI ZIMSKI VE\u010cERI DOBRIH KMETOV, poslovenili Gori\u0161ki bogoslovci"},"content":{"rendered":"<p>168 strani, trda vezava, 19.5 cm, dru\u0161tvo sv. Mohora, 1853, ohranjena letom primerno.<\/p>\n","protected":false},"excerpt":{"rendered":"<p>168 strani, trda vezava, 19.5 cm, dru\u0161tvo sv. Mohora, 1853, ohranjena letom primerno.<\/p>\n","protected":false},"featured_media":50316,"template":"","meta":{"_monsterinsights_skip_tracking":false,"_monsterinsights_sitenote_active":false,"_monsterinsights_sitenote_note":"","_monsterinsights_sitenote_category":0},"product_brand":[],"product_cat":[17,22,16,27,65],"product_tag":[],"class_list":{"0":"post-50315","1":"product","2":"type-product","3":"status-publish","4":"has-post-thumbnail","6":"product_cat-antikvarne-knjige","7":"product_cat-bibliofilske-knjige","8":"product_cat-katalog-knjig","9":"product_cat-leposlovje","10":"product_cat-proza-tuji-avtorji","12":"first","13":"outofstock","14":"taxable","15":"shipping-taxable","16":"purchasable","17":"product-type-simple"},"jetpack_sharing_enabled":true,"_links":{"self":[{"href":"https:\/\/www.antikvariat-vodnik.si\/index.php?rest_route=\/wp\/v2\/product\/50315","targetHints":{"allow":["GET"]}}],"collection":[{"href":"https:\/\/www.antikvariat-vodnik.si\/index.php?rest_route=\/wp\/v2\/product"}],"about":[{"href":"https:\/\/www.antikvariat-vodnik.si\/index.php?rest_route=\/wp\/v2\/types\/product"}],"wp:featuredmedia":[{"embeddable":true,"href":"https:\/\/www.antikvariat-vodnik.si\/index.php?rest_route=\/wp\/v2\/media\/50316"}],"wp:attachment":[{"href":"https:\/\/www.antikvariat-vodnik.si\/index.php?rest_route=%2Fwp%2Fv2%2Fmedia&parent=50315"}],"wp:term":[{"taxonomy":"product_brand","embeddable":true,"href":"https:\/\/www.antikvariat-vodnik.si\/index.php?rest_route=%2Fwp%2Fv2%2Fproduct_brand&post=50315"},{"taxonomy":"product_cat","embeddable":true,"href":"https:\/\/www.antikvariat-vodnik.si\/index.php?rest_route=%2Fwp%2Fv2%2Fproduct_cat&post=50315"},{"taxonomy":"product_tag","embeddable":true,"href":"https:\/\/www.antikvariat-vodnik.si\/index.php?rest_route=%2Fwp%2Fv2%2Fproduct_tag&post=50315"}],"curies":[{"name":"wp","href":"https:\/\/api.w.org\/{rel}","templated":true}]}}