{"id":50036,"date":"2024-01-25T16:33:16","date_gmt":"2024-01-25T15:33:16","guid":{"rendered":"https:\/\/www.antikvariat-vodnik.si\/?post_type=product&#038;p=50036"},"modified":"2025-05-07T18:53:40","modified_gmt":"2025-05-07T16:53:40","slug":"zdravilna-zelisca-dr-heinrich-neuthaler","status":"publish","type":"product","link":"https:\/\/www.antikvariat-vodnik.si\/?product=zdravilna-zelisca-dr-heinrich-neuthaler","title":{"rendered":"ZDRAVILNA ZELI\u0160\u010cA, dr. Heinrich Neuthaler"},"content":{"rendered":"<p>488 strani, trda vezava, \u0161\u010ditni ovitek, 23.5 cm, Tr\u017ea\u0161ki tiska, 1977, lepo ohranjena.<\/p>\n","protected":false},"excerpt":{"rendered":"<p>488 strani, trda vezava, \u0161\u010ditni ovitek, 23.5 cm, Tr\u017ea\u0161ki tiska, 1977, lepo ohranjena.<\/p>\n","protected":false},"featured_media":50037,"template":"","meta":{"_monsterinsights_skip_tracking":false,"_monsterinsights_sitenote_active":false,"_monsterinsights_sitenote_note":"","_monsterinsights_sitenote_category":0},"product_brand":[],"product_cat":[17,16,26,53,49],"product_tag":[],"class_list":{"0":"post-50036","1":"product","2":"type-product","3":"status-publish","4":"has-post-thumbnail","6":"product_cat-antikvarne-knjige","7":"product_cat-katalog-knjig","8":"product_cat-prirocniki-uporabne-vede-duhovnost","9":"product_cat-rastline-vrt-zivali","10":"product_cat-zdravje","12":"first","13":"instock","14":"taxable","15":"shipping-taxable","16":"purchasable","17":"product-type-simple"},"jetpack_sharing_enabled":true,"_links":{"self":[{"href":"https:\/\/www.antikvariat-vodnik.si\/index.php?rest_route=\/wp\/v2\/product\/50036","targetHints":{"allow":["GET"]}}],"collection":[{"href":"https:\/\/www.antikvariat-vodnik.si\/index.php?rest_route=\/wp\/v2\/product"}],"about":[{"href":"https:\/\/www.antikvariat-vodnik.si\/index.php?rest_route=\/wp\/v2\/types\/product"}],"wp:featuredmedia":[{"embeddable":true,"href":"https:\/\/www.antikvariat-vodnik.si\/index.php?rest_route=\/wp\/v2\/media\/50037"}],"wp:attachment":[{"href":"https:\/\/www.antikvariat-vodnik.si\/index.php?rest_route=%2Fwp%2Fv2%2Fmedia&parent=50036"}],"wp:term":[{"taxonomy":"product_brand","embeddable":true,"href":"https:\/\/www.antikvariat-vodnik.si\/index.php?rest_route=%2Fwp%2Fv2%2Fproduct_brand&post=50036"},{"taxonomy":"product_cat","embeddable":true,"href":"https:\/\/www.antikvariat-vodnik.si\/index.php?rest_route=%2Fwp%2Fv2%2Fproduct_cat&post=50036"},{"taxonomy":"product_tag","embeddable":true,"href":"https:\/\/www.antikvariat-vodnik.si\/index.php?rest_route=%2Fwp%2Fv2%2Fproduct_tag&post=50036"}],"curies":[{"name":"wp","href":"https:\/\/api.w.org\/{rel}","templated":true}]}}