{"id":49923,"date":"2024-01-18T16:44:44","date_gmt":"2024-01-18T15:44:44","guid":{"rendered":"https:\/\/www.antikvariat-vodnik.si\/?post_type=product&#038;p=49923"},"modified":"2024-01-18T16:46:42","modified_gmt":"2024-01-18T15:46:42","slug":"primoz-trubar-1508-1586","status":"publish","type":"product","link":"https:\/\/www.antikvariat-vodnik.si\/?product=primoz-trubar-1508-1586","title":{"rendered":"PRIMO\u017d TRUBAR (1508 &#8211; 1586)"},"content":{"rendered":"<ul>\n<li>TRUBARJEV ALBUM; ROMANJE \u00a0S PRIMO\u017dEM TRUBARJEM, Mihael Glavan<\/li>\n<li>CATECHISMUS, Primo\u017e Trubar<\/li>\n<\/ul>\n<p>Posebna izdaja, trda vezava, \u0161\u010ditna \u0161katlja, MK, 2008, lepo ohranjena.<\/p>\n","protected":false},"excerpt":{"rendered":"<p>TRUBARJEV ALBUM; ROMANJE \u00a0S PRIMO\u017dEM TRUBARJEM, Mihael Glavan CATECHISMUS, Primo\u017e Trubar Posebna izdaja, trda vezava, \u0161\u010ditna \u0161katlja, MK, 2008, lepo ohranjena.<\/p>\n","protected":false},"featured_media":49924,"template":"","meta":{"_monsterinsights_skip_tracking":false,"_monsterinsights_sitenote_active":false,"_monsterinsights_sitenote_note":"","_monsterinsights_sitenote_category":0},"product_brand":[],"product_cat":[17,21,19,16,30,43],"product_tag":[],"class_list":{"0":"post-49923","1":"product","2":"type-product","3":"status-publish","4":"has-post-thumbnail","6":"product_cat-antikvarne-knjige","7":"product_cat-biografije","8":"product_cat-humanistika-druzboslovje","9":"product_cat-katalog-knjig","10":"product_cat-religija","11":"product_cat-zgodovina-domoznanstvo","13":"first","14":"instock","15":"taxable","16":"shipping-taxable","17":"purchasable","18":"product-type-simple"},"jetpack_sharing_enabled":true,"_links":{"self":[{"href":"https:\/\/www.antikvariat-vodnik.si\/index.php?rest_route=\/wp\/v2\/product\/49923","targetHints":{"allow":["GET"]}}],"collection":[{"href":"https:\/\/www.antikvariat-vodnik.si\/index.php?rest_route=\/wp\/v2\/product"}],"about":[{"href":"https:\/\/www.antikvariat-vodnik.si\/index.php?rest_route=\/wp\/v2\/types\/product"}],"wp:featuredmedia":[{"embeddable":true,"href":"https:\/\/www.antikvariat-vodnik.si\/index.php?rest_route=\/wp\/v2\/media\/49924"}],"wp:attachment":[{"href":"https:\/\/www.antikvariat-vodnik.si\/index.php?rest_route=%2Fwp%2Fv2%2Fmedia&parent=49923"}],"wp:term":[{"taxonomy":"product_brand","embeddable":true,"href":"https:\/\/www.antikvariat-vodnik.si\/index.php?rest_route=%2Fwp%2Fv2%2Fproduct_brand&post=49923"},{"taxonomy":"product_cat","embeddable":true,"href":"https:\/\/www.antikvariat-vodnik.si\/index.php?rest_route=%2Fwp%2Fv2%2Fproduct_cat&post=49923"},{"taxonomy":"product_tag","embeddable":true,"href":"https:\/\/www.antikvariat-vodnik.si\/index.php?rest_route=%2Fwp%2Fv2%2Fproduct_tag&post=49923"}],"curies":[{"name":"wp","href":"https:\/\/api.w.org\/{rel}","templated":true}]}}