{"id":49383,"date":"2023-12-30T13:27:19","date_gmt":"2023-12-30T12:27:19","guid":{"rendered":"https:\/\/www.antikvariat-vodnik.si\/?post_type=product&#038;p=49383"},"modified":"2023-12-30T13:27:50","modified_gmt":"2023-12-30T12:27:50","slug":"samostan-sticna-domovanje-patra-simona-asica-vec-avtorjev","status":"publish","type":"product","link":"https:\/\/www.antikvariat-vodnik.si\/?product=samostan-sticna-domovanje-patra-simona-asica-vec-avtorjev","title":{"rendered":"SAMOSTAN STI\u010cNA; DOMOVANJE PATRA SIMONA A\u0160I\u010cA, ve\u010d avtorjev"},"content":{"rendered":"<p>200 strani, trda vezava (s \u0161\u010ditnim ovitkom), 22,5 cm, Celjska Mohorjeva dru\u017eba, 2013, lepo ohranjena.<\/p>\n","protected":false},"excerpt":{"rendered":"<p>200 strani, trda vezava (s \u0161\u010ditnim ovitkom), 22,5 cm, Celjska Mohorjeva dru\u017eba, 2013, lepo ohranjena.<\/p>\n","protected":false},"featured_media":49384,"template":"","meta":{"_monsterinsights_skip_tracking":false,"_monsterinsights_sitenote_active":false,"_monsterinsights_sitenote_note":"","_monsterinsights_sitenote_category":0},"product_brand":[],"product_cat":[17,21,19,16,95,43],"product_tag":[],"class_list":{"0":"post-49383","1":"product","2":"type-product","3":"status-publish","4":"has-post-thumbnail","6":"product_cat-antikvarne-knjige","7":"product_cat-biografije","8":"product_cat-humanistika-druzboslovje","9":"product_cat-katalog-knjig","10":"product_cat-kultura-humanistika-druzboslovje","11":"product_cat-zgodovina-domoznanstvo","13":"first","14":"instock","15":"taxable","16":"shipping-taxable","17":"purchasable","18":"product-type-simple"},"jetpack_sharing_enabled":true,"_links":{"self":[{"href":"https:\/\/www.antikvariat-vodnik.si\/index.php?rest_route=\/wp\/v2\/product\/49383","targetHints":{"allow":["GET"]}}],"collection":[{"href":"https:\/\/www.antikvariat-vodnik.si\/index.php?rest_route=\/wp\/v2\/product"}],"about":[{"href":"https:\/\/www.antikvariat-vodnik.si\/index.php?rest_route=\/wp\/v2\/types\/product"}],"wp:featuredmedia":[{"embeddable":true,"href":"https:\/\/www.antikvariat-vodnik.si\/index.php?rest_route=\/wp\/v2\/media\/49384"}],"wp:attachment":[{"href":"https:\/\/www.antikvariat-vodnik.si\/index.php?rest_route=%2Fwp%2Fv2%2Fmedia&parent=49383"}],"wp:term":[{"taxonomy":"product_brand","embeddable":true,"href":"https:\/\/www.antikvariat-vodnik.si\/index.php?rest_route=%2Fwp%2Fv2%2Fproduct_brand&post=49383"},{"taxonomy":"product_cat","embeddable":true,"href":"https:\/\/www.antikvariat-vodnik.si\/index.php?rest_route=%2Fwp%2Fv2%2Fproduct_cat&post=49383"},{"taxonomy":"product_tag","embeddable":true,"href":"https:\/\/www.antikvariat-vodnik.si\/index.php?rest_route=%2Fwp%2Fv2%2Fproduct_tag&post=49383"}],"curies":[{"name":"wp","href":"https:\/\/api.w.org\/{rel}","templated":true}]}}