{"id":49334,"date":"2023-12-29T16:16:07","date_gmt":"2023-12-29T15:16:07","guid":{"rendered":"https:\/\/www.antikvariat-vodnik.si\/?post_type=product&#038;p=49334"},"modified":"2025-03-28T14:06:43","modified_gmt":"2025-03-28T13:06:43","slug":"pustolovscine-dobrega-vojaka-svejka-po-romanu-jaroslava-haska","status":"publish","type":"product","link":"https:\/\/www.antikvariat-vodnik.si\/?product=pustolovscine-dobrega-vojaka-svejka-po-romanu-jaroslava-haska","title":{"rendered":"PUSTOLOV\u0160\u010cINE DOBREGA VOJAKA \u0160VEJKA, po romanu Jaroslava Ha\u0161ka"},"content":{"rendered":"<p>308 strani, trda vezava, 21.5 cm, Evgen Juri\u010d, 1992, lepo ohranjena.<\/p>\n","protected":false},"excerpt":{"rendered":"<p>308 strani, trda vezava, 21.5 cm, Evgen Juri\u010d, 1992, lepo ohranjena.<\/p>\n","protected":false},"featured_media":49335,"template":"","meta":{"_monsterinsights_skip_tracking":false,"_monsterinsights_sitenote_active":false,"_monsterinsights_sitenote_note":"","_monsterinsights_sitenote_category":0},"product_brand":[],"product_cat":[17,16,27,65,68],"product_tag":[],"class_list":{"0":"post-49334","1":"product","2":"type-product","3":"status-publish","4":"has-post-thumbnail","6":"product_cat-antikvarne-knjige","7":"product_cat-katalog-knjig","8":"product_cat-leposlovje","9":"product_cat-proza-tuji-avtorji","10":"product_cat-zanrska-proza-zgodovinski-kriminalni-ljubezenski-znanstvenofantasticni-romani","12":"first","13":"instock","14":"taxable","15":"shipping-taxable","16":"purchasable","17":"product-type-simple"},"jetpack_sharing_enabled":true,"_links":{"self":[{"href":"https:\/\/www.antikvariat-vodnik.si\/index.php?rest_route=\/wp\/v2\/product\/49334","targetHints":{"allow":["GET"]}}],"collection":[{"href":"https:\/\/www.antikvariat-vodnik.si\/index.php?rest_route=\/wp\/v2\/product"}],"about":[{"href":"https:\/\/www.antikvariat-vodnik.si\/index.php?rest_route=\/wp\/v2\/types\/product"}],"wp:featuredmedia":[{"embeddable":true,"href":"https:\/\/www.antikvariat-vodnik.si\/index.php?rest_route=\/wp\/v2\/media\/49335"}],"wp:attachment":[{"href":"https:\/\/www.antikvariat-vodnik.si\/index.php?rest_route=%2Fwp%2Fv2%2Fmedia&parent=49334"}],"wp:term":[{"taxonomy":"product_brand","embeddable":true,"href":"https:\/\/www.antikvariat-vodnik.si\/index.php?rest_route=%2Fwp%2Fv2%2Fproduct_brand&post=49334"},{"taxonomy":"product_cat","embeddable":true,"href":"https:\/\/www.antikvariat-vodnik.si\/index.php?rest_route=%2Fwp%2Fv2%2Fproduct_cat&post=49334"},{"taxonomy":"product_tag","embeddable":true,"href":"https:\/\/www.antikvariat-vodnik.si\/index.php?rest_route=%2Fwp%2Fv2%2Fproduct_tag&post=49334"}],"curies":[{"name":"wp","href":"https:\/\/api.w.org\/{rel}","templated":true}]}}