{"id":48671,"date":"2023-12-14T16:58:45","date_gmt":"2023-12-14T15:58:45","guid":{"rendered":"https:\/\/www.antikvariat-vodnik.si\/?post_type=product&#038;p=48671"},"modified":"2023-12-14T16:59:59","modified_gmt":"2023-12-14T15:59:59","slug":"oljki-simon-gregorcic-2","status":"publish","type":"product","link":"https:\/\/www.antikvariat-vodnik.si\/?product=oljki-simon-gregorcic-2","title":{"rendered":"OLJKI, Simon Gregor\u010di\u010d"},"content":{"rendered":"<p>Bibliofilska izdaja, \u0161t. 16, mehka vezava, 25 cm, Zimska pomo\u010d, 1944, lepo ohranjena.<\/p>\n","protected":false},"excerpt":{"rendered":"<p>Bibliofilska izdaja, \u0161t. 16, mehka vezava, 25 cm, Zimska pomo\u010d, 1944, lepo ohranjena.<\/p>\n","protected":false},"featured_media":48672,"template":"","meta":{"_monsterinsights_skip_tracking":false,"_monsterinsights_sitenote_active":false,"_monsterinsights_sitenote_note":"","_monsterinsights_sitenote_category":0},"product_brand":[],"product_cat":[17,22,16,27,66],"product_tag":[],"class_list":{"0":"post-48671","1":"product","2":"type-product","3":"status-publish","4":"has-post-thumbnail","6":"product_cat-antikvarne-knjige","7":"product_cat-bibliofilske-knjige","8":"product_cat-katalog-knjig","9":"product_cat-leposlovje","10":"product_cat-poezija","12":"first","13":"instock","14":"taxable","15":"shipping-taxable","16":"purchasable","17":"product-type-simple"},"jetpack_sharing_enabled":true,"_links":{"self":[{"href":"https:\/\/www.antikvariat-vodnik.si\/index.php?rest_route=\/wp\/v2\/product\/48671","targetHints":{"allow":["GET"]}}],"collection":[{"href":"https:\/\/www.antikvariat-vodnik.si\/index.php?rest_route=\/wp\/v2\/product"}],"about":[{"href":"https:\/\/www.antikvariat-vodnik.si\/index.php?rest_route=\/wp\/v2\/types\/product"}],"wp:featuredmedia":[{"embeddable":true,"href":"https:\/\/www.antikvariat-vodnik.si\/index.php?rest_route=\/wp\/v2\/media\/48672"}],"wp:attachment":[{"href":"https:\/\/www.antikvariat-vodnik.si\/index.php?rest_route=%2Fwp%2Fv2%2Fmedia&parent=48671"}],"wp:term":[{"taxonomy":"product_brand","embeddable":true,"href":"https:\/\/www.antikvariat-vodnik.si\/index.php?rest_route=%2Fwp%2Fv2%2Fproduct_brand&post=48671"},{"taxonomy":"product_cat","embeddable":true,"href":"https:\/\/www.antikvariat-vodnik.si\/index.php?rest_route=%2Fwp%2Fv2%2Fproduct_cat&post=48671"},{"taxonomy":"product_tag","embeddable":true,"href":"https:\/\/www.antikvariat-vodnik.si\/index.php?rest_route=%2Fwp%2Fv2%2Fproduct_tag&post=48671"}],"curies":[{"name":"wp","href":"https:\/\/api.w.org\/{rel}","templated":true}]}}