{"id":48320,"date":"2023-12-09T13:14:22","date_gmt":"2023-12-09T12:14:22","guid":{"rendered":"https:\/\/www.antikvariat-vodnik.si\/?post_type=product&#038;p=48320"},"modified":"2025-12-09T16:25:28","modified_gmt":"2025-12-09T15:25:28","slug":"rajski-vrt-erika-eichenseer-2","status":"publish","type":"product","link":"https:\/\/www.antikvariat-vodnik.si\/?product=rajski-vrt-erika-eichenseer-2","title":{"rendered":"RAJSKI VRT, Erika Eichenseer"},"content":{"rendered":"<p>Vsebina<\/p>\n<p>Zgodba\u00a0<em>Rajskega vrta<\/em>\u00a0je preprosta \u2013 skozi zgodbo o bo\u017ejem stvarjenju sveta pojasni nastanek Slovenije, s poudarkom na tem, kako da je na tako majhnem del\u010dku sveta mo\u010d najti tolik\u0161no (naravno) raznolikost in lepote. Povedano malo druga\u010de \u2013 natanko med platnicami te knjige ti\u010di odgovor na vpra\u0161anje iz ponarodele skladbe, ki jo gotovo vsi poznamo: \u201eSlovenija, od kod lepote tvoje\u201c.<\/p>\n<p>O delu<\/p>\n<p>Besedilo ni avtorsko, pa\u010d pa ga je po stari legendi zapisala Erika Eichenseer, znana nem\u0161ka zbiralka ljudskega slovstva, pripovedovalka in avtorica. Zasluge za vrhunsko vizualno podobo gredo Petru \u0160kerlu, ki se je \u201eklasi\u010dnega\u201c stvariteljskega besedila lotil izjemno inovativno in bogu nadel povsem svojsko podobo. Tako se pred bralcem odpirajo razko\u0161ne ilustracije s slikarskimi razse\u017enostmi, na katerih bo pozoren ogledovalec odkril tudi mariskateri poveden detajl ali simbol. Dvojezi\u010dna izdaja vklju\u010duje sloven\u0161\u010dino in angle\u0161\u010dino in je kot nala\u0161\u010d za to, da jo bralci delijo tudi s prijatelji ali znanci iz tujine.<\/p>\n","protected":false},"excerpt":{"rendered":"<p>Vsebina Zgodba\u00a0Rajskega vrta\u00a0je preprosta \u2013 skozi zgodbo o bo\u017ejem stvarjenju sveta pojasni nastanek Slovenije, s poudarkom na tem, kako da je na tako majhnem del\u010dku sveta mo\u010d najti tolik\u0161no (naravno) raznolikost in lepote. Povedano malo druga\u010de \u2013 natanko med platnicami te knjige ti\u010di odgovor na vpra\u0161anje iz ponarodele skladbe, ki jo gotovo vsi poznamo: \u201eSlovenija, [&hellip;]<\/p>\n","protected":false},"featured_media":48321,"template":"","meta":{"_monsterinsights_skip_tracking":false,"_monsterinsights_sitenote_active":false,"_monsterinsights_sitenote_note":"","_monsterinsights_sitenote_category":0},"product_brand":[],"product_cat":[16,36,18,40],"product_tag":[],"class_list":{"0":"post-48320","1":"product","2":"type-product","3":"status-publish","4":"has-post-thumbnail","6":"product_cat-katalog-knjig","7":"product_cat-leposlovje-nove-knjige","8":"product_cat-nove-knjige","9":"product_cat-otroska-mladinska-literatura","11":"first","12":"instock","13":"taxable","14":"shipping-taxable","15":"purchasable","16":"product-type-simple"},"jetpack_sharing_enabled":true,"_links":{"self":[{"href":"https:\/\/www.antikvariat-vodnik.si\/index.php?rest_route=\/wp\/v2\/product\/48320","targetHints":{"allow":["GET"]}}],"collection":[{"href":"https:\/\/www.antikvariat-vodnik.si\/index.php?rest_route=\/wp\/v2\/product"}],"about":[{"href":"https:\/\/www.antikvariat-vodnik.si\/index.php?rest_route=\/wp\/v2\/types\/product"}],"wp:featuredmedia":[{"embeddable":true,"href":"https:\/\/www.antikvariat-vodnik.si\/index.php?rest_route=\/wp\/v2\/media\/48321"}],"wp:attachment":[{"href":"https:\/\/www.antikvariat-vodnik.si\/index.php?rest_route=%2Fwp%2Fv2%2Fmedia&parent=48320"}],"wp:term":[{"taxonomy":"product_brand","embeddable":true,"href":"https:\/\/www.antikvariat-vodnik.si\/index.php?rest_route=%2Fwp%2Fv2%2Fproduct_brand&post=48320"},{"taxonomy":"product_cat","embeddable":true,"href":"https:\/\/www.antikvariat-vodnik.si\/index.php?rest_route=%2Fwp%2Fv2%2Fproduct_cat&post=48320"},{"taxonomy":"product_tag","embeddable":true,"href":"https:\/\/www.antikvariat-vodnik.si\/index.php?rest_route=%2Fwp%2Fv2%2Fproduct_tag&post=48320"}],"curies":[{"name":"wp","href":"https:\/\/api.w.org\/{rel}","templated":true}]}}