{"id":4817,"date":"2021-01-18T19:06:13","date_gmt":"2021-01-18T18:06:13","guid":{"rendered":"https:\/\/www.antikvariat-vodnik.si\/?post_type=product&#038;p=4817"},"modified":"2025-01-07T12:24:24","modified_gmt":"2025-01-07T11:24:24","slug":"feri-lainscek-ki-jo-je-megla-prinesla","status":"publish","type":"product","link":"https:\/\/www.antikvariat-vodnik.si\/?product=feri-lainscek-ki-jo-je-megla-prinesla","title":{"rendered":"Feri Lain\u0161\u010dek, KI JO JE MEGLA PRINESLA"},"content":{"rendered":"<p>168 STRANI, trda vezava, 20 cm, izdala Pre\u0161ernova dru\u017eba 1993, lepo ohranjeno<\/p>\n","protected":false},"excerpt":{"rendered":"<p>168 STRANI, trda vezava, 20 cm, izdala Pre\u0161ernova dru\u017eba 1993, lepo ohranjeno<\/p>\n","protected":false},"featured_media":4795,"template":"","meta":{"_monsterinsights_skip_tracking":false,"_monsterinsights_sitenote_active":false,"_monsterinsights_sitenote_note":"","_monsterinsights_sitenote_category":0},"product_brand":[],"product_cat":[17,16,27,64],"product_tag":[],"class_list":{"0":"post-4817","1":"product","2":"type-product","3":"status-publish","4":"has-post-thumbnail","6":"product_cat-antikvarne-knjige","7":"product_cat-katalog-knjig","8":"product_cat-leposlovje","9":"product_cat-slovenska-proza","11":"first","12":"instock","13":"taxable","14":"shipping-taxable","15":"purchasable","16":"product-type-simple"},"jetpack_sharing_enabled":true,"_links":{"self":[{"href":"https:\/\/www.antikvariat-vodnik.si\/index.php?rest_route=\/wp\/v2\/product\/4817","targetHints":{"allow":["GET"]}}],"collection":[{"href":"https:\/\/www.antikvariat-vodnik.si\/index.php?rest_route=\/wp\/v2\/product"}],"about":[{"href":"https:\/\/www.antikvariat-vodnik.si\/index.php?rest_route=\/wp\/v2\/types\/product"}],"wp:featuredmedia":[{"embeddable":true,"href":"https:\/\/www.antikvariat-vodnik.si\/index.php?rest_route=\/wp\/v2\/media\/4795"}],"wp:attachment":[{"href":"https:\/\/www.antikvariat-vodnik.si\/index.php?rest_route=%2Fwp%2Fv2%2Fmedia&parent=4817"}],"wp:term":[{"taxonomy":"product_brand","embeddable":true,"href":"https:\/\/www.antikvariat-vodnik.si\/index.php?rest_route=%2Fwp%2Fv2%2Fproduct_brand&post=4817"},{"taxonomy":"product_cat","embeddable":true,"href":"https:\/\/www.antikvariat-vodnik.si\/index.php?rest_route=%2Fwp%2Fv2%2Fproduct_cat&post=4817"},{"taxonomy":"product_tag","embeddable":true,"href":"https:\/\/www.antikvariat-vodnik.si\/index.php?rest_route=%2Fwp%2Fv2%2Fproduct_tag&post=4817"}],"curies":[{"name":"wp","href":"https:\/\/api.w.org\/{rel}","templated":true}]}}