{"id":47830,"date":"2023-11-28T13:07:40","date_gmt":"2023-11-28T12:07:40","guid":{"rendered":"https:\/\/www.antikvariat-vodnik.si\/?post_type=product&#038;p=47830"},"modified":"2025-09-13T20:53:00","modified_gmt":"2025-09-13T18:53:00","slug":"kajuh-pesnik-partizan-marijan-pusavec-zoran-smiljanic","status":"publish","type":"product","link":"https:\/\/www.antikvariat-vodnik.si\/?product=kajuh-pesnik-partizan-marijan-pusavec-zoran-smiljanic","title":{"rendered":"Kajuh, pesnik partizan, Marijan Pu\u0161avec, Zoran Smiljani\u0107"},"content":{"rendered":"<div class=\"elementor-element elementor-element-c9b94b2 elementor-widget elementor-widget-woocommerce-product-short-description\" data-id=\"c9b94b2\" data-element_type=\"widget\" data-widget_type=\"woocommerce-product-short-description.default\">\n<div class=\"elementor-widget-container\">\n<div class=\"woocommerce-product-details__short-description\">\n<p>\u2018Kajuh, pesnik partizan\u2019 je novo sodelovanje avtorskega dvojca Zoran Smiljani\u0107 (risba) in Marijan Pu\u0161avec (scenarij) po monumentalnem stripovskem projektu \u2018Meksikajnarji\u2019. Tokrat sta zdru\u017eila mo\u010di pri pripovedovanju zgodbe o pesniku in partizanu Karlu Destovniku \u2013 Kajuhu (13. december 1922 \u2013 22. februar 1944).<\/p>\n<\/div>\n<\/div>\n<\/div>\n<div class=\"elementor-element elementor-element-bf71032 elementor-widget elementor-widget-theme-post-content\" data-id=\"bf71032\" data-element_type=\"widget\" data-widget_type=\"theme-post-content.default\">\n<div class=\"elementor-widget-container\">\n<p>Scenarij je nastal po knjigi Vlada Vrbi\u010da \u2018Prestreljene sanje\u2019. Strip je pospremil stoletnico pesnikovega rojstva, iz\u0161el pa je v letu, ki ga je slovenska vlada na pobudo Ministrstva za kulturo razglasila za Kajuhovo leto.<\/p>\n<p><strong>Resni\u010dna zgodba o ljubezni, poeziji, vojni in smrti<\/strong><\/p>\n<p>Stripovska biografija o mladeni\u010du iz \u0160o\u0161tanja, pesniku, skojevcu, komunistu, vosovcu, partizanu \u2026 in ljubimcu. <strong>Star komaj dvajset let<\/strong> je v svojih pesmih z ob\u010duteno intonacijo, strastno interpretacijo in empatijo do tistih brez glasu nagovoril slovenskega \u010dloveka v najhuj\u0161ih vojnih stiskah, ko sta bila pod vpra\u0161ajem obstoj naroda in \u017eivljenja posameznikov. Za \u017eivljenja je vrhunec popularnosti do\u017eivljal pol leta pred smrtjo, ko je na partizanskih mitingih ekstati\u010dno deklamiral svoje verze in v srcih poslu\u0161alcev spro\u017eal mo\u010dne \u010dustvene odzive. <strong>Bil je prva rokenrol zvezda<\/strong>, slovenski Jim Morrison, Bob Dylan in John Lennon svojega \u010dasa, krik protesta in upora proti nasilju in krivicam. Po vojni ga je ljudska oblast odlikovala z redom narodnega heroja in si prisvojila njegove pesmi ter jih kanonizirala za potrebe komemorativnih obredov. Kajuhova poezija je ta nesporazum pre\u017eivela. Danes do\u017eivljata njegova osebnost in poezija novo \u017eivljenje pri mladih, ki ga sprejemajo kot <strong>glas nove generacije. Njej je posve\u010den ta strip.<\/strong><\/p>\n<p><strong>Pesnik, narodni heroj<\/strong><\/p>\n<p>\u0160estnajstleten je za\u010del pod psevdonimom Drago Jeran objavljati socialne pesmi v reviji Slovenska mladina, aktivno je sodeloval v naprednem kulturnem in politi\u010dnem \u017eivljenju v rodnem \u0160o\u0161tanju. Zaradi komunisti\u010dnega delovanja so ga kot \u0161esto\u0161olca izklju\u010dili iz celjske gimnazije in je \u0161olanje nadaljeval v Mariboru. Pred za\u010detkom druge svetovne vojne je bil interniran na jugu Srbije. Kmalu po okupaciji so ga Nemci zaprli v \u0160martnem pri Slovenj Gradcu, kjer je po brutalnem zasli\u0161evanju napisal svojo prvo vojno pesem Nenapisano pismo iz je\u010de. Septembra 1941 je od\u0161el v Ljubljano, kjer je delal za VOS in pisal ter objavljal pesmi, ki so nagovorile srca slovenskih ljudi. Njegov pesni\u0161ki vrhunec predstavljajo pesmi, ki so postale antolo\u0161ke: Slovenska pesem, Kje si, mati, Bosa pojdiva, dekle, Samo en cvet, en \u010de\u0161njev cvet, Pesem matere treh partizanov, Materi padlega partizana, Pesem XIV. divizije.<\/p>\n<p>Avgusta 1943 je od\u0161el v partizane in postal vodja kulturni\u0161ke skupine XIV. divizije. Z njo je kot recitator sodeloval na \u0161tevilnih mitingih po dolenjskih, notranjskih, primorskih in belokranjskih vaseh, kjer so njegovo pesem sprejemali kot izpoved lastnega trpljenja, jo prepisovali, prebirali in recitirali. Zaradi priljubljenosti med ljudmi in borci so na ciklostil razmno\u017eili 38 izvodov Kajuhovih Pesmi. Januarja 1944 je s XIV. divizijo od\u0161el \u010dez Hrva\u0161ko na \u0160tajersko. Ob nenadnem napadu nem\u0161ke patrulje je padel v \u0160entvidu pri Zavodnju pod streli slovenskega rojaka v okupatorjevi uniformi.<\/p>\n<p>Knjigo sta <strong>zalo\u017eila<\/strong> Knji\u017enica Velenje in Bu\u010da,\u00a0<strong>izdala <\/strong>ga je Knji\u017enica Velenje.\u00a0Projekt so\u00a0<strong>podprle<\/strong> Mestna ob\u010dina Velenje ter ob\u010dini \u0160o\u0161tanj in \u0160martno ob Paki. Knjiga \u2018Kajuh, pesnik partizan\u2019 je sedma v zbirki KAJUH 100.<\/p>\n<\/div>\n<\/div>\n","protected":false},"excerpt":{"rendered":"<p>\u2018Kajuh, pesnik partizan\u2019 je novo sodelovanje avtorskega dvojca Zoran Smiljani\u0107 (risba) in Marijan Pu\u0161avec (scenarij) po monumentalnem stripovskem projektu \u2018Meksikajnarji\u2019. Tokrat sta zdru\u017eila mo\u010di pri pripovedovanju zgodbe o pesniku in partizanu Karlu Destovniku \u2013 Kajuhu (13. december 1922 \u2013 22. februar 1944). Scenarij je nastal po knjigi Vlada Vrbi\u010da \u2018Prestreljene sanje\u2019. Strip je pospremil stoletnico [&hellip;]<\/p>\n","protected":false},"featured_media":47831,"template":"","meta":{"_monsterinsights_skip_tracking":false,"_monsterinsights_sitenote_active":false,"_monsterinsights_sitenote_note":"","_monsterinsights_sitenote_category":0},"product_brand":[],"product_cat":[16,36,18,40,107],"product_tag":[],"class_list":{"0":"post-47830","1":"product","2":"type-product","3":"status-publish","4":"has-post-thumbnail","6":"product_cat-katalog-knjig","7":"product_cat-leposlovje-nove-knjige","8":"product_cat-nove-knjige","9":"product_cat-otroska-mladinska-literatura","10":"product_cat-stripi","12":"first","13":"instock","14":"taxable","15":"shipping-taxable","16":"purchasable","17":"product-type-simple"},"jetpack_sharing_enabled":true,"_links":{"self":[{"href":"https:\/\/www.antikvariat-vodnik.si\/index.php?rest_route=\/wp\/v2\/product\/47830","targetHints":{"allow":["GET"]}}],"collection":[{"href":"https:\/\/www.antikvariat-vodnik.si\/index.php?rest_route=\/wp\/v2\/product"}],"about":[{"href":"https:\/\/www.antikvariat-vodnik.si\/index.php?rest_route=\/wp\/v2\/types\/product"}],"wp:featuredmedia":[{"embeddable":true,"href":"https:\/\/www.antikvariat-vodnik.si\/index.php?rest_route=\/wp\/v2\/media\/47831"}],"wp:attachment":[{"href":"https:\/\/www.antikvariat-vodnik.si\/index.php?rest_route=%2Fwp%2Fv2%2Fmedia&parent=47830"}],"wp:term":[{"taxonomy":"product_brand","embeddable":true,"href":"https:\/\/www.antikvariat-vodnik.si\/index.php?rest_route=%2Fwp%2Fv2%2Fproduct_brand&post=47830"},{"taxonomy":"product_cat","embeddable":true,"href":"https:\/\/www.antikvariat-vodnik.si\/index.php?rest_route=%2Fwp%2Fv2%2Fproduct_cat&post=47830"},{"taxonomy":"product_tag","embeddable":true,"href":"https:\/\/www.antikvariat-vodnik.si\/index.php?rest_route=%2Fwp%2Fv2%2Fproduct_tag&post=47830"}],"curies":[{"name":"wp","href":"https:\/\/api.w.org\/{rel}","templated":true}]}}