{"id":47799,"date":"2023-11-27T13:15:05","date_gmt":"2023-11-27T12:15:05","guid":{"rendered":"https:\/\/www.antikvariat-vodnik.si\/?post_type=product&#038;p=47799"},"modified":"2025-12-16T17:35:29","modified_gmt":"2025-12-16T16:35:29","slug":"mali-princ-med-zvezdami-kartonka-antoine-de-saint-exupery","status":"publish","type":"product","link":"https:\/\/www.antikvariat-vodnik.si\/?product=mali-princ-med-zvezdami-kartonka-antoine-de-saint-exupery","title":{"rendered":"Mali princ med zvezdami (kartonka), Antoine de Saint-Exupery"},"content":{"rendered":"<p><strong>Odpravite se na \u010darobno potovanje med nebom in zemljo<\/strong>, ki razkriva zgodbo o Malem princu, posebej prilagojeno za va\u0161e najmlaj\u0161e.<\/p>\n<p>Spoznajte poeti\u010dni svet Malega princa in izvirne akvarele njegovega avtorja Antoina de Saint-Exup\u00e9ryja.<\/p>\n<p><em>\u00bbTistim, ki potujejo, zvezde ka\u017eejo pot.\u00ab<\/em><\/p>\n","protected":false},"excerpt":{"rendered":"<p>Odpravite se na \u010darobno potovanje med nebom in zemljo, ki razkriva zgodbo o Malem princu, posebej prilagojeno za va\u0161e najmlaj\u0161e. Spoznajte poeti\u010dni svet Malega princa in izvirne akvarele njegovega avtorja Antoina de Saint-Exup\u00e9ryja. \u00bbTistim, ki potujejo, zvezde ka\u017eejo pot.\u00ab<\/p>\n","protected":false},"featured_media":47800,"template":"","meta":{"_monsterinsights_skip_tracking":false,"_monsterinsights_sitenote_active":false,"_monsterinsights_sitenote_note":"","_monsterinsights_sitenote_category":0},"product_brand":[],"product_cat":[16,18,40],"product_tag":[],"class_list":{"0":"post-47799","1":"product","2":"type-product","3":"status-publish","4":"has-post-thumbnail","6":"product_cat-katalog-knjig","7":"product_cat-nove-knjige","8":"product_cat-otroska-mladinska-literatura","10":"first","11":"instock","12":"taxable","13":"shipping-taxable","14":"purchasable","15":"product-type-simple"},"jetpack_sharing_enabled":true,"_links":{"self":[{"href":"https:\/\/www.antikvariat-vodnik.si\/index.php?rest_route=\/wp\/v2\/product\/47799","targetHints":{"allow":["GET"]}}],"collection":[{"href":"https:\/\/www.antikvariat-vodnik.si\/index.php?rest_route=\/wp\/v2\/product"}],"about":[{"href":"https:\/\/www.antikvariat-vodnik.si\/index.php?rest_route=\/wp\/v2\/types\/product"}],"wp:featuredmedia":[{"embeddable":true,"href":"https:\/\/www.antikvariat-vodnik.si\/index.php?rest_route=\/wp\/v2\/media\/47800"}],"wp:attachment":[{"href":"https:\/\/www.antikvariat-vodnik.si\/index.php?rest_route=%2Fwp%2Fv2%2Fmedia&parent=47799"}],"wp:term":[{"taxonomy":"product_brand","embeddable":true,"href":"https:\/\/www.antikvariat-vodnik.si\/index.php?rest_route=%2Fwp%2Fv2%2Fproduct_brand&post=47799"},{"taxonomy":"product_cat","embeddable":true,"href":"https:\/\/www.antikvariat-vodnik.si\/index.php?rest_route=%2Fwp%2Fv2%2Fproduct_cat&post=47799"},{"taxonomy":"product_tag","embeddable":true,"href":"https:\/\/www.antikvariat-vodnik.si\/index.php?rest_route=%2Fwp%2Fv2%2Fproduct_tag&post=47799"}],"curies":[{"name":"wp","href":"https:\/\/api.w.org\/{rel}","templated":true}]}}