{"id":4776,"date":"2021-01-18T15:53:00","date_gmt":"2021-01-18T14:53:00","guid":{"rendered":"https:\/\/www.antikvariat-vodnik.si\/?post_type=product&#038;p=4776"},"modified":"2021-01-18T15:53:55","modified_gmt":"2021-01-18T14:53:55","slug":"jan-maria-plojhar-julius-zeyer-ceski-jezik","status":"publish","type":"product","link":"https:\/\/www.antikvariat-vodnik.si\/?product=jan-maria-plojhar-julius-zeyer-ceski-jezik","title":{"rendered":"JAN MARIA PLOJHAR, Julius Zeyer (\u010de\u0161ki jezik)"},"content":{"rendered":"<p>232 strani, trda vezava celo platno, 17,5 cm, izdaja: Nakladem \u010deske graficke unie v Prae, 1927, lepo ohranjeno<\/p>\n","protected":false},"excerpt":{"rendered":"<p>232 strani, trda vezava celo platno, 17,5 cm, izdaja: Nakladem \u010deske graficke unie v Prae, 1927, lepo ohranjeno<\/p>\n","protected":false},"featured_media":4764,"template":"","meta":{"_monsterinsights_skip_tracking":false,"_monsterinsights_sitenote_active":false,"_monsterinsights_sitenote_note":"","_monsterinsights_sitenote_category":0},"product_brand":[],"product_cat":[17,76,16,28],"product_tag":[],"class_list":{"0":"post-4776","1":"product","2":"type-product","3":"status-publish","4":"has-post-thumbnail","6":"product_cat-antikvarne-knjige","7":"product_cat-drugi-jeziki","8":"product_cat-katalog-knjig","9":"product_cat-knjige-v-tujih-jezikih","11":"first","12":"instock","13":"taxable","14":"shipping-taxable","15":"purchasable","16":"product-type-simple"},"jetpack_sharing_enabled":true,"_links":{"self":[{"href":"https:\/\/www.antikvariat-vodnik.si\/index.php?rest_route=\/wp\/v2\/product\/4776","targetHints":{"allow":["GET"]}}],"collection":[{"href":"https:\/\/www.antikvariat-vodnik.si\/index.php?rest_route=\/wp\/v2\/product"}],"about":[{"href":"https:\/\/www.antikvariat-vodnik.si\/index.php?rest_route=\/wp\/v2\/types\/product"}],"wp:featuredmedia":[{"embeddable":true,"href":"https:\/\/www.antikvariat-vodnik.si\/index.php?rest_route=\/wp\/v2\/media\/4764"}],"wp:attachment":[{"href":"https:\/\/www.antikvariat-vodnik.si\/index.php?rest_route=%2Fwp%2Fv2%2Fmedia&parent=4776"}],"wp:term":[{"taxonomy":"product_brand","embeddable":true,"href":"https:\/\/www.antikvariat-vodnik.si\/index.php?rest_route=%2Fwp%2Fv2%2Fproduct_brand&post=4776"},{"taxonomy":"product_cat","embeddable":true,"href":"https:\/\/www.antikvariat-vodnik.si\/index.php?rest_route=%2Fwp%2Fv2%2Fproduct_cat&post=4776"},{"taxonomy":"product_tag","embeddable":true,"href":"https:\/\/www.antikvariat-vodnik.si\/index.php?rest_route=%2Fwp%2Fv2%2Fproduct_tag&post=4776"}],"curies":[{"name":"wp","href":"https:\/\/api.w.org\/{rel}","templated":true}]}}