{"id":47473,"date":"2023-11-20T12:43:38","date_gmt":"2023-11-20T11:43:38","guid":{"rendered":"https:\/\/www.antikvariat-vodnik.si\/?post_type=product&#038;p=47473"},"modified":"2023-11-20T12:44:03","modified_gmt":"2023-11-20T11:44:03","slug":"zdravljenje-s-kristali-philip-permutt","status":"publish","type":"product","link":"https:\/\/www.antikvariat-vodnik.si\/?product=zdravljenje-s-kristali-philip-permutt","title":{"rendered":"Zdravljenje s kristali, Philip Permutt"},"content":{"rendered":"<p>V tem odli\u010dnem vodniku je predstavljenih ve\u010d kot 400 kristalov, s katerimi lahko uravnovesite energijske tokove v svojem telesu in domu ter dose\u017eete dobro po\u010dutje.<\/p>\n<p><strong>Izbolj\u0161ajte \u017eivljenje s pomo\u010djo kristalov!<\/strong><\/p>\n<p>Avtor razkriva neverjetne sposobnosti kristalov, ki zdravijo, nas napolnijo z energijo in izbolj\u0161ajo vsak del na\u0161ega \u017eivljenja. Pomagajo pomiriti \u010dustvene te\u017eave, na primer tesnobo, nihanje razpolo\u017eenja ali srame\u017eljivost, in tudi fizi\u010dne tegobe, kot so migrene in alergije. Kristali so urejeni po barvah in opremljeni z jasnimi fotografijami, da jih boste takoj prepoznali.<\/p>\n<p><strong>Izjemen pregled kristalov in dela z njimi<\/strong><\/p>\n<p>Knjiga je razdeljena na \u0161tiri poglavja. V prvem avtor podrobno predstavi delo s kristali, v drugem razlo\u017ei, na kak\u0161en na\u010din s kristali sploh zdravimo, potem sledi temeljit popis ve\u010d kot 400 kristalov, na koncu pa preda znanje o tem, kateri kristali se uporabljajo za dolo\u010dene bolezni in te\u017eave.<\/p>\n","protected":false},"excerpt":{"rendered":"<p>V tem odli\u010dnem vodniku je predstavljenih ve\u010d kot 400 kristalov, s katerimi lahko uravnovesite energijske tokove v svojem telesu in domu ter dose\u017eete dobro po\u010dutje. Izbolj\u0161ajte \u017eivljenje s pomo\u010djo kristalov! Avtor razkriva neverjetne sposobnosti kristalov, ki zdravijo, nas napolnijo z energijo in izbolj\u0161ajo vsak del na\u0161ega \u017eivljenja. Pomagajo pomiriti \u010dustvene te\u017eave, na primer tesnobo, nihanje [&hellip;]<\/p>\n","protected":false},"featured_media":47474,"template":"","meta":{"_monsterinsights_skip_tracking":false,"_monsterinsights_sitenote_active":false,"_monsterinsights_sitenote_note":"","_monsterinsights_sitenote_category":0},"product_brand":[],"product_cat":[37,16,18,41],"product_tag":[],"class_list":{"0":"post-47473","1":"product","2":"type-product","3":"status-publish","4":"has-post-thumbnail","6":"product_cat-duhovnost-in-osebna-rast","7":"product_cat-katalog-knjig","8":"product_cat-nove-knjige","9":"product_cat-zdravje-kulinarika","11":"first","12":"instock","13":"taxable","14":"shipping-taxable","15":"purchasable","16":"product-type-simple"},"jetpack_sharing_enabled":true,"_links":{"self":[{"href":"https:\/\/www.antikvariat-vodnik.si\/index.php?rest_route=\/wp\/v2\/product\/47473","targetHints":{"allow":["GET"]}}],"collection":[{"href":"https:\/\/www.antikvariat-vodnik.si\/index.php?rest_route=\/wp\/v2\/product"}],"about":[{"href":"https:\/\/www.antikvariat-vodnik.si\/index.php?rest_route=\/wp\/v2\/types\/product"}],"wp:featuredmedia":[{"embeddable":true,"href":"https:\/\/www.antikvariat-vodnik.si\/index.php?rest_route=\/wp\/v2\/media\/47474"}],"wp:attachment":[{"href":"https:\/\/www.antikvariat-vodnik.si\/index.php?rest_route=%2Fwp%2Fv2%2Fmedia&parent=47473"}],"wp:term":[{"taxonomy":"product_brand","embeddable":true,"href":"https:\/\/www.antikvariat-vodnik.si\/index.php?rest_route=%2Fwp%2Fv2%2Fproduct_brand&post=47473"},{"taxonomy":"product_cat","embeddable":true,"href":"https:\/\/www.antikvariat-vodnik.si\/index.php?rest_route=%2Fwp%2Fv2%2Fproduct_cat&post=47473"},{"taxonomy":"product_tag","embeddable":true,"href":"https:\/\/www.antikvariat-vodnik.si\/index.php?rest_route=%2Fwp%2Fv2%2Fproduct_tag&post=47473"}],"curies":[{"name":"wp","href":"https:\/\/api.w.org\/{rel}","templated":true}]}}