{"id":47266,"date":"2023-11-17T11:42:10","date_gmt":"2023-11-17T10:42:10","guid":{"rendered":"https:\/\/www.antikvariat-vodnik.si\/?post_type=product&#038;p=47266"},"modified":"2025-08-29T11:13:07","modified_gmt":"2025-08-29T09:13:07","slug":"kmecki-upori-v-slovenski-umetnosti-vec-avtorjev","status":"publish","type":"product","link":"https:\/\/www.antikvariat-vodnik.si\/?product=kmecki-upori-v-slovenski-umetnosti-vec-avtorjev","title":{"rendered":"KME\u010cKI UPORI V SLOVENSKI UMETNOSTI, ve\u010d avtorjev"},"content":{"rendered":"<p>180 strani, trda vezava, \u0161\u010ditni ovitek, 24.5 cm, Slovenska matica, 1974, lepo ohranjena.<\/p>\n","protected":false},"excerpt":{"rendered":"<p>180 strani, trda vezava, \u0161\u010ditni ovitek, 24.5 cm, Slovenska matica, 1974, lepo ohranjena.<\/p>\n","protected":false},"featured_media":47267,"template":"","meta":{"_monsterinsights_skip_tracking":false,"_monsterinsights_sitenote_active":false,"_monsterinsights_sitenote_note":"","_monsterinsights_sitenote_category":0},"product_brand":[],"product_cat":[17,61,16,58,59,24],"product_tag":[],"class_list":{"0":"post-47266","1":"product","2":"type-product","3":"status-publish","4":"has-post-thumbnail","6":"product_cat-antikvarne-knjige","7":"product_cat-arhitektura-urbanizem","8":"product_cat-katalog-knjig","9":"product_cat-o-umetnosti","10":"product_cat-slikarstvo-kiparstvo-grafika","11":"product_cat-umetnost","13":"first","14":"instock","15":"taxable","16":"shipping-taxable","17":"purchasable","18":"product-type-simple"},"jetpack_sharing_enabled":true,"_links":{"self":[{"href":"https:\/\/www.antikvariat-vodnik.si\/index.php?rest_route=\/wp\/v2\/product\/47266","targetHints":{"allow":["GET"]}}],"collection":[{"href":"https:\/\/www.antikvariat-vodnik.si\/index.php?rest_route=\/wp\/v2\/product"}],"about":[{"href":"https:\/\/www.antikvariat-vodnik.si\/index.php?rest_route=\/wp\/v2\/types\/product"}],"wp:featuredmedia":[{"embeddable":true,"href":"https:\/\/www.antikvariat-vodnik.si\/index.php?rest_route=\/wp\/v2\/media\/47267"}],"wp:attachment":[{"href":"https:\/\/www.antikvariat-vodnik.si\/index.php?rest_route=%2Fwp%2Fv2%2Fmedia&parent=47266"}],"wp:term":[{"taxonomy":"product_brand","embeddable":true,"href":"https:\/\/www.antikvariat-vodnik.si\/index.php?rest_route=%2Fwp%2Fv2%2Fproduct_brand&post=47266"},{"taxonomy":"product_cat","embeddable":true,"href":"https:\/\/www.antikvariat-vodnik.si\/index.php?rest_route=%2Fwp%2Fv2%2Fproduct_cat&post=47266"},{"taxonomy":"product_tag","embeddable":true,"href":"https:\/\/www.antikvariat-vodnik.si\/index.php?rest_route=%2Fwp%2Fv2%2Fproduct_tag&post=47266"}],"curies":[{"name":"wp","href":"https:\/\/api.w.org\/{rel}","templated":true}]}}