{"id":47175,"date":"2023-11-10T15:03:04","date_gmt":"2023-11-10T14:03:04","guid":{"rendered":"https:\/\/www.antikvariat-vodnik.si\/?post_type=product&#038;p=47175"},"modified":"2024-09-16T17:04:40","modified_gmt":"2024-09-16T15:04:40","slug":"gospodar-prstanov-1-bratovscina-prstana-j-r-r-tolkien","status":"publish","type":"product","link":"https:\/\/www.antikvariat-vodnik.si\/?product=gospodar-prstanov-1-bratovscina-prstana-j-r-r-tolkien","title":{"rendered":"Gospodar prstanov 1: Bratov\u0161\u010dina prstana, J. R. R. Tolkien"},"content":{"rendered":"<p>Pravijo, da se ljudje delimo na tiste, ki so Gospodarja prstanov \u017ee prebrali in tiste, ki ga \u0161e bodo. Delo, ki je v avtorjevi glavi nastajalo med tem, ko se je boril v prvi svetovni vojni, pisal pa ga je kar 20 let, v sebi skriva mo\u010dna sporo\u010dila o boju med dobrim in zlim ter pravem prijateljstvu.<\/p>\n<p><strong>Prva knjiga trilogije<\/strong><br \/>\nV prvem delu trilogije spoznamo Bratov\u0161\u010dino prstana. Mladi hobit Frodo Bisagin od svojega strica Bilba Bisagina podeduje prstan, ki pa ga mora zaradi njegove mo\u010di uni\u010diti. Na poti ga spremlja in mu pomaga Bratov\u0161\u010dina prstana, ki jo sestavljajo: dva predstavnika ljudi (Aragorn, Boromir), \u010darovnik (Gandalf), vilinec (Legolas), trije hobiti (Pipin, Medo in Samo) ter \u0161krat (Gimli).<\/p>\n<p><strong>Svetovni fenomen<\/strong><br \/>\nSaga o Frodu, skromnem hobitu, ki ga usoda izbere za re\u0161itelja Srednjega sveta, je obveljala za enega od temeljev svetovne fantazijske knji\u017eevnosti. Gospodarja prstanov so prevedli v ve\u010dino svetovnih jezikov in danes velja za eno najbolje prodajanih knjig vseh \u010dasov. Po njej so nastale \u0161tevilne radijske, televizijske in filmske predelave, med njimi odmevni filmi v re\u017eiji Petra Jacksona, pred kratkim pa tudi televizijska serija<em>\u00a0Rings of Power<\/em>.<\/p>\n<p><strong>Novi prevodi<\/strong><br \/>\nDelo je bilo v sloven\u0161\u010dino doslej prevedeno \u017ee dvakrat, tokratni prevod pa bo prvi, v katerem bodo lastna imena in poimenovanja usklajena tako s prevodom romana\u00a0<em>Hobit<\/em>\u00a0kot tudi knjige\u00a0<em>Silmarilion<\/em>. Slednjo je Tolkien pojmoval kot nujen dodatek h\u00a0<em>Gospodarju prstanov<\/em>\u00a0in bo v prevodu Sergeja Hvale iz\u0161la leta 2024.<\/p>\n","protected":false},"excerpt":{"rendered":"<p>Pravijo, da se ljudje delimo na tiste, ki so Gospodarja prstanov \u017ee prebrali in tiste, ki ga \u0161e bodo. Delo, ki je v avtorjevi glavi nastajalo med tem, ko se je boril v prvi svetovni vojni, pisal pa ga je kar 20 let, v sebi skriva mo\u010dna sporo\u010dila o boju med dobrim in zlim ter [&hellip;]<\/p>\n","protected":false},"featured_media":47176,"template":"","meta":{"_monsterinsights_skip_tracking":false,"_monsterinsights_sitenote_active":false,"_monsterinsights_sitenote_note":"","_monsterinsights_sitenote_category":0},"product_brand":[],"product_cat":[16,36,18],"product_tag":[],"class_list":{"0":"post-47175","1":"product","2":"type-product","3":"status-publish","4":"has-post-thumbnail","6":"product_cat-katalog-knjig","7":"product_cat-leposlovje-nove-knjige","8":"product_cat-nove-knjige","10":"first","11":"instock","12":"taxable","13":"shipping-taxable","14":"purchasable","15":"product-type-simple"},"jetpack_sharing_enabled":true,"_links":{"self":[{"href":"https:\/\/www.antikvariat-vodnik.si\/index.php?rest_route=\/wp\/v2\/product\/47175","targetHints":{"allow":["GET"]}}],"collection":[{"href":"https:\/\/www.antikvariat-vodnik.si\/index.php?rest_route=\/wp\/v2\/product"}],"about":[{"href":"https:\/\/www.antikvariat-vodnik.si\/index.php?rest_route=\/wp\/v2\/types\/product"}],"wp:featuredmedia":[{"embeddable":true,"href":"https:\/\/www.antikvariat-vodnik.si\/index.php?rest_route=\/wp\/v2\/media\/47176"}],"wp:attachment":[{"href":"https:\/\/www.antikvariat-vodnik.si\/index.php?rest_route=%2Fwp%2Fv2%2Fmedia&parent=47175"}],"wp:term":[{"taxonomy":"product_brand","embeddable":true,"href":"https:\/\/www.antikvariat-vodnik.si\/index.php?rest_route=%2Fwp%2Fv2%2Fproduct_brand&post=47175"},{"taxonomy":"product_cat","embeddable":true,"href":"https:\/\/www.antikvariat-vodnik.si\/index.php?rest_route=%2Fwp%2Fv2%2Fproduct_cat&post=47175"},{"taxonomy":"product_tag","embeddable":true,"href":"https:\/\/www.antikvariat-vodnik.si\/index.php?rest_route=%2Fwp%2Fv2%2Fproduct_tag&post=47175"}],"curies":[{"name":"wp","href":"https:\/\/api.w.org\/{rel}","templated":true}]}}