{"id":47171,"date":"2023-11-10T14:57:42","date_gmt":"2023-11-10T13:57:42","guid":{"rendered":"https:\/\/www.antikvariat-vodnik.si\/?post_type=product&#038;p=47171"},"modified":"2023-11-22T14:20:48","modified_gmt":"2023-11-22T13:20:48","slug":"znanost-mirnega-zivljenja-david-zupancic","status":"publish","type":"product","link":"https:\/\/www.antikvariat-vodnik.si\/?product=znanost-mirnega-zivljenja-david-zupancic","title":{"rendered":"Znanost mirnega \u017eivljenja, David Zupan\u010di\u010d"},"content":{"rendered":"<p>Nova knjiga priljubljenega zdravnika je pripoved o iskanju miru v hekti\u010dnem vsakdanjiku. Knjiga temelji na avtorjevih lastnih izku\u0161njah in izzivih, hkrati pa ima mo\u010dno znanstveno podlago, saj so nasveti podprti s citiranjem ve\u010d kot 70 strokovnih raziskav.<\/p>\n<p><strong>Spodbuda k razmisleku o lastnem vsakdanu<\/strong><\/p>\n<p>Zaradi naporov, ki spremljajo \u0161tudij medicine in zdravni\u0161ki poklic, se je David Zupan\u010di\u010d \u017ee zgodaj za\u010del ukvarjati s \u010duje\u010dnostjo, u\u010dinkovito in priljubljeno metodo za obvladovanje stresa in doseganje stanja polne prisotnosti v danem trenutku. Za njim je dvanajst let raziskovanja, preu\u010devanja in prakticiranja te metode, ki mu je, kot pravi, spremenila \u017eivljenje. Knjiga je zasnovana poljudno, prakti\u010dno, in nas spodbuja k refleksiji, obenem pa nam ponuja uteho, da v boju z zahtevami sodobnega sveta vendarle nismo sami.<\/p>\n<p>\u00bb<em>V trenutku, ko prese\u017ee\u0161 to skepso, da meni pa ja ni treba delati na sebi, se odpre neskon\u010dno prilo\u017enosti. Takrat, ko neha\u0161 \u017eiveti z mantro tak pa\u010d sem, sprejmite me, lahko prevzame\u0161 odgovornost zase in postane\u0161 bolj podoben tisti razli\u010dici sebe, ki te bo lahko iskreno navdu\u0161ila. Onkraj cinizma se za\u010dne prava rast<\/em>.\u00ab (odlomek iz knjige)<\/p>\n<p>\u00bbDavid med pisanjem postaja bral\u010dev nevsiljivi prijatelj ali vodnik, saj spleta niti osebnega, strokovnega in univerzalnega, pre\u017eete z dobr\u0161no mero humorja, v prepri\u010dljivo in zaupanja vredno celoto.\u00ab (Iz spremnega besedila prof. dr. Boruta \u0160kodlarja)<\/p>\n","protected":false},"excerpt":{"rendered":"<p>Nova knjiga priljubljenega zdravnika je pripoved o iskanju miru v hekti\u010dnem vsakdanjiku. Knjiga temelji na avtorjevih lastnih izku\u0161njah in izzivih, hkrati pa ima mo\u010dno znanstveno podlago, saj so nasveti podprti s citiranjem ve\u010d kot 70 strokovnih raziskav. Spodbuda k razmisleku o lastnem vsakdanu Zaradi naporov, ki spremljajo \u0161tudij medicine in zdravni\u0161ki poklic, se je David [&hellip;]<\/p>\n","protected":false},"featured_media":47172,"template":"","meta":{"_monsterinsights_skip_tracking":false,"_monsterinsights_sitenote_active":false,"_monsterinsights_sitenote_note":"","_monsterinsights_sitenote_category":0},"product_brand":[],"product_cat":[37,16,18],"product_tag":[],"class_list":{"0":"post-47171","1":"product","2":"type-product","3":"status-publish","4":"has-post-thumbnail","6":"product_cat-duhovnost-in-osebna-rast","7":"product_cat-katalog-knjig","8":"product_cat-nove-knjige","10":"first","11":"instock","12":"taxable","13":"shipping-taxable","14":"purchasable","15":"product-type-simple"},"jetpack_sharing_enabled":true,"_links":{"self":[{"href":"https:\/\/www.antikvariat-vodnik.si\/index.php?rest_route=\/wp\/v2\/product\/47171","targetHints":{"allow":["GET"]}}],"collection":[{"href":"https:\/\/www.antikvariat-vodnik.si\/index.php?rest_route=\/wp\/v2\/product"}],"about":[{"href":"https:\/\/www.antikvariat-vodnik.si\/index.php?rest_route=\/wp\/v2\/types\/product"}],"wp:featuredmedia":[{"embeddable":true,"href":"https:\/\/www.antikvariat-vodnik.si\/index.php?rest_route=\/wp\/v2\/media\/47172"}],"wp:attachment":[{"href":"https:\/\/www.antikvariat-vodnik.si\/index.php?rest_route=%2Fwp%2Fv2%2Fmedia&parent=47171"}],"wp:term":[{"taxonomy":"product_brand","embeddable":true,"href":"https:\/\/www.antikvariat-vodnik.si\/index.php?rest_route=%2Fwp%2Fv2%2Fproduct_brand&post=47171"},{"taxonomy":"product_cat","embeddable":true,"href":"https:\/\/www.antikvariat-vodnik.si\/index.php?rest_route=%2Fwp%2Fv2%2Fproduct_cat&post=47171"},{"taxonomy":"product_tag","embeddable":true,"href":"https:\/\/www.antikvariat-vodnik.si\/index.php?rest_route=%2Fwp%2Fv2%2Fproduct_tag&post=47171"}],"curies":[{"name":"wp","href":"https:\/\/api.w.org\/{rel}","templated":true}]}}