{"id":47130,"date":"2023-11-09T16:58:34","date_gmt":"2023-11-09T15:58:34","guid":{"rendered":"https:\/\/www.antikvariat-vodnik.si\/?post_type=product&#038;p=47130"},"modified":"2024-01-18T17:36:51","modified_gmt":"2024-01-18T16:36:51","slug":"hisnikov-dan-branka-jurca-ilustrirala-roza-piscanec","status":"publish","type":"product","link":"https:\/\/www.antikvariat-vodnik.si\/?product=hisnikov-dan-branka-jurca-ilustrirala-roza-piscanec","title":{"rendered":"HI\u0160NIKOV DAN, Branka Jurca (ilustrirala Ro\u017ea Pi\u0161\u010danec)"},"content":{"rendered":"<p>Trda vezava, 26.5 cm, MK, 1976, lepo ohranjena.<\/p>\n","protected":false},"excerpt":{"rendered":"<p>Trda vezava, 26.5 cm, MK, 1976, lepo ohranjena.<\/p>\n","protected":false},"featured_media":47131,"template":"","meta":{"_monsterinsights_skip_tracking":false,"_monsterinsights_sitenote_active":false,"_monsterinsights_sitenote_note":"","_monsterinsights_sitenote_category":0},"product_brand":[],"product_cat":[17,16,29,77],"product_tag":[],"class_list":{"0":"post-47130","1":"product","2":"type-product","3":"status-publish","4":"has-post-thumbnail","6":"product_cat-antikvarne-knjige","7":"product_cat-katalog-knjig","8":"product_cat-knjige-za-otroke-in-mladino","9":"product_cat-slikanice-pravljice","11":"first","12":"outofstock","13":"taxable","14":"shipping-taxable","15":"purchasable","16":"product-type-simple"},"jetpack_sharing_enabled":true,"_links":{"self":[{"href":"https:\/\/www.antikvariat-vodnik.si\/index.php?rest_route=\/wp\/v2\/product\/47130","targetHints":{"allow":["GET"]}}],"collection":[{"href":"https:\/\/www.antikvariat-vodnik.si\/index.php?rest_route=\/wp\/v2\/product"}],"about":[{"href":"https:\/\/www.antikvariat-vodnik.si\/index.php?rest_route=\/wp\/v2\/types\/product"}],"wp:featuredmedia":[{"embeddable":true,"href":"https:\/\/www.antikvariat-vodnik.si\/index.php?rest_route=\/wp\/v2\/media\/47131"}],"wp:attachment":[{"href":"https:\/\/www.antikvariat-vodnik.si\/index.php?rest_route=%2Fwp%2Fv2%2Fmedia&parent=47130"}],"wp:term":[{"taxonomy":"product_brand","embeddable":true,"href":"https:\/\/www.antikvariat-vodnik.si\/index.php?rest_route=%2Fwp%2Fv2%2Fproduct_brand&post=47130"},{"taxonomy":"product_cat","embeddable":true,"href":"https:\/\/www.antikvariat-vodnik.si\/index.php?rest_route=%2Fwp%2Fv2%2Fproduct_cat&post=47130"},{"taxonomy":"product_tag","embeddable":true,"href":"https:\/\/www.antikvariat-vodnik.si\/index.php?rest_route=%2Fwp%2Fv2%2Fproduct_tag&post=47130"}],"curies":[{"name":"wp","href":"https:\/\/api.w.org\/{rel}","templated":true}]}}