{"id":4605,"date":"2021-01-09T16:29:57","date_gmt":"2021-01-09T15:29:57","guid":{"rendered":"https:\/\/www.antikvariat-vodnik.si\/?post_type=product&#038;p=4605"},"modified":"2024-02-25T10:52:05","modified_gmt":"2024-02-25T09:52:05","slug":"sto-znanih-slovenskih-umetniskih-slik-dr-ivan-sedej","status":"publish","type":"product","link":"https:\/\/www.antikvariat-vodnik.si\/?product=sto-znanih-slovenskih-umetniskih-slik-dr-ivan-sedej","title":{"rendered":"STO ZNANIH SLOVENSKIH UMETNI\u0160KIH SLIK, dr. Ivan Sedej"},"content":{"rendered":"<p>barvne umetni\u0161ke reprodukcije del, 224 strani, trda vezava, 20 cm, Pre\u0161ernova dru\u017eba 1985, lepo ohranjeno<\/p>\n","protected":false},"excerpt":{"rendered":"<p>barvne umetni\u0161ke reprodukcije del, 224 strani, trda vezava, 20 cm, Pre\u0161ernova dru\u017eba 1985, lepo ohranjeno<\/p>\n","protected":false},"featured_media":4520,"template":"","meta":{"_monsterinsights_skip_tracking":false,"_monsterinsights_sitenote_active":false,"_monsterinsights_sitenote_note":"","_monsterinsights_sitenote_category":0},"product_brand":[],"product_cat":[17,16,59,24],"product_tag":[],"class_list":{"0":"post-4605","1":"product","2":"type-product","3":"status-publish","4":"has-post-thumbnail","6":"product_cat-antikvarne-knjige","7":"product_cat-katalog-knjig","8":"product_cat-slikarstvo-kiparstvo-grafika","9":"product_cat-umetnost","11":"first","12":"instock","13":"taxable","14":"shipping-taxable","15":"purchasable","16":"product-type-simple"},"jetpack_sharing_enabled":true,"_links":{"self":[{"href":"https:\/\/www.antikvariat-vodnik.si\/index.php?rest_route=\/wp\/v2\/product\/4605","targetHints":{"allow":["GET"]}}],"collection":[{"href":"https:\/\/www.antikvariat-vodnik.si\/index.php?rest_route=\/wp\/v2\/product"}],"about":[{"href":"https:\/\/www.antikvariat-vodnik.si\/index.php?rest_route=\/wp\/v2\/types\/product"}],"wp:featuredmedia":[{"embeddable":true,"href":"https:\/\/www.antikvariat-vodnik.si\/index.php?rest_route=\/wp\/v2\/media\/4520"}],"wp:attachment":[{"href":"https:\/\/www.antikvariat-vodnik.si\/index.php?rest_route=%2Fwp%2Fv2%2Fmedia&parent=4605"}],"wp:term":[{"taxonomy":"product_brand","embeddable":true,"href":"https:\/\/www.antikvariat-vodnik.si\/index.php?rest_route=%2Fwp%2Fv2%2Fproduct_brand&post=4605"},{"taxonomy":"product_cat","embeddable":true,"href":"https:\/\/www.antikvariat-vodnik.si\/index.php?rest_route=%2Fwp%2Fv2%2Fproduct_cat&post=4605"},{"taxonomy":"product_tag","embeddable":true,"href":"https:\/\/www.antikvariat-vodnik.si\/index.php?rest_route=%2Fwp%2Fv2%2Fproduct_tag&post=4605"}],"curies":[{"name":"wp","href":"https:\/\/api.w.org\/{rel}","templated":true}]}}