{"id":45314,"date":"2023-10-10T18:06:22","date_gmt":"2023-10-10T16:06:22","guid":{"rendered":"https:\/\/www.antikvariat-vodnik.si\/?post_type=product&#038;p=45314"},"modified":"2023-10-10T18:07:51","modified_gmt":"2023-10-10T16:07:51","slug":"posuseni-rozmarin-miha-potocnik","status":"publish","type":"product","link":"https:\/\/www.antikvariat-vodnik.si\/?product=posuseni-rozmarin-miha-potocnik","title":{"rendered":"POSU\u0160ENI RO\u017dMARIN, Miha Poto\u010dnik"},"content":{"rendered":"<p>320 strani, trda vezava, \u0161\u010ditni ovitek, 24.5 cm, Planinska zveza Slovenije, 1996, lepo ohranjena.<\/p>\n","protected":false},"excerpt":{"rendered":"<p>320 strani, trda vezava, \u0161\u010ditni ovitek, 24.5 cm, Planinska zveza Slovenije, 1996, lepo ohranjena.<\/p>\n","protected":false},"featured_media":45315,"template":"","meta":{"_monsterinsights_skip_tracking":false,"_monsterinsights_sitenote_active":false,"_monsterinsights_sitenote_note":"","_monsterinsights_sitenote_category":0},"product_brand":[],"product_cat":[17,21,16,26,55],"product_tag":[],"class_list":{"0":"post-45314","1":"product","2":"type-product","3":"status-publish","4":"has-post-thumbnail","6":"product_cat-antikvarne-knjige","7":"product_cat-biografije","8":"product_cat-katalog-knjig","9":"product_cat-prirocniki-uporabne-vede-duhovnost","10":"product_cat-turizem-gornistvo-alpinizem","12":"first","13":"instock","14":"taxable","15":"shipping-taxable","16":"purchasable","17":"product-type-simple"},"jetpack_sharing_enabled":true,"_links":{"self":[{"href":"https:\/\/www.antikvariat-vodnik.si\/index.php?rest_route=\/wp\/v2\/product\/45314","targetHints":{"allow":["GET"]}}],"collection":[{"href":"https:\/\/www.antikvariat-vodnik.si\/index.php?rest_route=\/wp\/v2\/product"}],"about":[{"href":"https:\/\/www.antikvariat-vodnik.si\/index.php?rest_route=\/wp\/v2\/types\/product"}],"wp:featuredmedia":[{"embeddable":true,"href":"https:\/\/www.antikvariat-vodnik.si\/index.php?rest_route=\/wp\/v2\/media\/45315"}],"wp:attachment":[{"href":"https:\/\/www.antikvariat-vodnik.si\/index.php?rest_route=%2Fwp%2Fv2%2Fmedia&parent=45314"}],"wp:term":[{"taxonomy":"product_brand","embeddable":true,"href":"https:\/\/www.antikvariat-vodnik.si\/index.php?rest_route=%2Fwp%2Fv2%2Fproduct_brand&post=45314"},{"taxonomy":"product_cat","embeddable":true,"href":"https:\/\/www.antikvariat-vodnik.si\/index.php?rest_route=%2Fwp%2Fv2%2Fproduct_cat&post=45314"},{"taxonomy":"product_tag","embeddable":true,"href":"https:\/\/www.antikvariat-vodnik.si\/index.php?rest_route=%2Fwp%2Fv2%2Fproduct_tag&post=45314"}],"curies":[{"name":"wp","href":"https:\/\/api.w.org\/{rel}","templated":true}]}}