{"id":43942,"date":"2023-08-29T13:37:24","date_gmt":"2023-08-29T11:37:24","guid":{"rendered":"https:\/\/www.antikvariat-vodnik.si\/?post_type=product&#038;p=43942"},"modified":"2026-02-28T11:35:32","modified_gmt":"2026-02-28T10:35:32","slug":"vojna-eseji-o-koncu-sveta-marcel-stefancic-jr","status":"publish","type":"product","link":"https:\/\/www.antikvariat-vodnik.si\/?product=vojna-eseji-o-koncu-sveta-marcel-stefancic-jr","title":{"rendered":"VOJNA; ESEJI O KONCU SVETA, Marcel \u0160tefan\u010di\u010d, jr."},"content":{"rendered":"<p>188 strani, mehka vezava, 21 cm, UMco, 2022, kot nova.<\/p>\n","protected":false},"excerpt":{"rendered":"<p>188 strani, mehka vezava, 21 cm, UMco, 2022, kot nova.<\/p>\n","protected":false},"featured_media":43943,"template":"","meta":{"_monsterinsights_skip_tracking":false,"_monsterinsights_sitenote_active":false,"_monsterinsights_sitenote_note":"","_monsterinsights_sitenote_category":0},"product_brand":[],"product_cat":[17,88,19,16,95,96,43],"product_tag":[],"class_list":{"0":"post-43942","1":"product","2":"type-product","3":"status-publish","4":"has-post-thumbnail","6":"product_cat-antikvarne-knjige","7":"product_cat-filozofija-psihologija-sociologija","8":"product_cat-humanistika-druzboslovje","9":"product_cat-katalog-knjig","10":"product_cat-kultura-humanistika-druzboslovje","11":"product_cat-politika","12":"product_cat-zgodovina-domoznanstvo","14":"first","15":"instock","16":"taxable","17":"shipping-taxable","18":"purchasable","19":"product-type-simple"},"jetpack_sharing_enabled":true,"_links":{"self":[{"href":"https:\/\/www.antikvariat-vodnik.si\/index.php?rest_route=\/wp\/v2\/product\/43942","targetHints":{"allow":["GET"]}}],"collection":[{"href":"https:\/\/www.antikvariat-vodnik.si\/index.php?rest_route=\/wp\/v2\/product"}],"about":[{"href":"https:\/\/www.antikvariat-vodnik.si\/index.php?rest_route=\/wp\/v2\/types\/product"}],"wp:featuredmedia":[{"embeddable":true,"href":"https:\/\/www.antikvariat-vodnik.si\/index.php?rest_route=\/wp\/v2\/media\/43943"}],"wp:attachment":[{"href":"https:\/\/www.antikvariat-vodnik.si\/index.php?rest_route=%2Fwp%2Fv2%2Fmedia&parent=43942"}],"wp:term":[{"taxonomy":"product_brand","embeddable":true,"href":"https:\/\/www.antikvariat-vodnik.si\/index.php?rest_route=%2Fwp%2Fv2%2Fproduct_brand&post=43942"},{"taxonomy":"product_cat","embeddable":true,"href":"https:\/\/www.antikvariat-vodnik.si\/index.php?rest_route=%2Fwp%2Fv2%2Fproduct_cat&post=43942"},{"taxonomy":"product_tag","embeddable":true,"href":"https:\/\/www.antikvariat-vodnik.si\/index.php?rest_route=%2Fwp%2Fv2%2Fproduct_tag&post=43942"}],"curies":[{"name":"wp","href":"https:\/\/api.w.org\/{rel}","templated":true}]}}