{"id":43935,"date":"2023-08-29T13:21:51","date_gmt":"2023-08-29T11:21:51","guid":{"rendered":"https:\/\/www.antikvariat-vodnik.si\/?post_type=product&#038;p=43935"},"modified":"2023-08-29T13:23:05","modified_gmt":"2023-08-29T11:23:05","slug":"poskusajmo-razumeti-dawnov-sindrom-vodnik-za-starse-cliff-cunningham","status":"publish","type":"product","link":"https:\/\/www.antikvariat-vodnik.si\/?product=poskusajmo-razumeti-dawnov-sindrom-vodnik-za-starse-cliff-cunningham","title":{"rendered":"POSKU\u0160AJMO RAZUMETI DAWNOV SINDROM; VODNIK ZA STAR\u0160E, Cliff Cunningham"},"content":{"rendered":"<p>228 strani, mehka vezava, 22.5 cm, So\u017eitje, 1999, lepo ohranjena.<\/p>\n","protected":false},"excerpt":{"rendered":"<p>228 strani, mehka vezava, 22.5 cm, So\u017eitje, 1999, lepo ohranjena.<\/p>\n","protected":false},"featured_media":43936,"template":"","meta":{"_monsterinsights_skip_tracking":false,"_monsterinsights_sitenote_active":false,"_monsterinsights_sitenote_note":"","_monsterinsights_sitenote_category":0},"product_brand":[],"product_cat":[17,90,16,26],"product_tag":[],"class_list":{"0":"post-43935","1":"product","2":"type-product","3":"status-publish","4":"has-post-thumbnail","6":"product_cat-antikvarne-knjige","7":"product_cat-druzina-starsevstvo-vzgoja","8":"product_cat-katalog-knjig","9":"product_cat-prirocniki-uporabne-vede-duhovnost","11":"first","12":"instock","13":"taxable","14":"shipping-taxable","15":"purchasable","16":"product-type-simple"},"jetpack_sharing_enabled":true,"_links":{"self":[{"href":"https:\/\/www.antikvariat-vodnik.si\/index.php?rest_route=\/wp\/v2\/product\/43935","targetHints":{"allow":["GET"]}}],"collection":[{"href":"https:\/\/www.antikvariat-vodnik.si\/index.php?rest_route=\/wp\/v2\/product"}],"about":[{"href":"https:\/\/www.antikvariat-vodnik.si\/index.php?rest_route=\/wp\/v2\/types\/product"}],"wp:featuredmedia":[{"embeddable":true,"href":"https:\/\/www.antikvariat-vodnik.si\/index.php?rest_route=\/wp\/v2\/media\/43936"}],"wp:attachment":[{"href":"https:\/\/www.antikvariat-vodnik.si\/index.php?rest_route=%2Fwp%2Fv2%2Fmedia&parent=43935"}],"wp:term":[{"taxonomy":"product_brand","embeddable":true,"href":"https:\/\/www.antikvariat-vodnik.si\/index.php?rest_route=%2Fwp%2Fv2%2Fproduct_brand&post=43935"},{"taxonomy":"product_cat","embeddable":true,"href":"https:\/\/www.antikvariat-vodnik.si\/index.php?rest_route=%2Fwp%2Fv2%2Fproduct_cat&post=43935"},{"taxonomy":"product_tag","embeddable":true,"href":"https:\/\/www.antikvariat-vodnik.si\/index.php?rest_route=%2Fwp%2Fv2%2Fproduct_tag&post=43935"}],"curies":[{"name":"wp","href":"https:\/\/api.w.org\/{rel}","templated":true}]}}