{"id":43914,"date":"2023-08-28T18:10:54","date_gmt":"2023-08-28T16:10:54","guid":{"rendered":"https:\/\/www.antikvariat-vodnik.si\/?post_type=product&#038;p=43914"},"modified":"2025-12-20T17:30:48","modified_gmt":"2025-12-20T16:30:48","slug":"doktor-zivih-in-mrtvih-vid-pecjak","status":"publish","type":"product","link":"https:\/\/www.antikvariat-vodnik.si\/?product=doktor-zivih-in-mrtvih-vid-pecjak","title":{"rendered":"DOKTOR \u017dIVIH IN MRTVIH, Vid Pe\u010djak"},"content":{"rendered":"<p>304 strani, trda vezava, 23.5 cm, Tehni\u0161ka zalo\u017eba Slovenije, 2004, lepo ohranjena.<\/p>\n","protected":false},"excerpt":{"rendered":"<p>304 strani, trda vezava, 23.5 cm, Tehni\u0161ka zalo\u017eba Slovenije, 2004, lepo ohranjena.<\/p>\n","protected":false},"featured_media":43915,"template":"","meta":{"_monsterinsights_skip_tracking":false,"_monsterinsights_sitenote_active":false,"_monsterinsights_sitenote_note":"","_monsterinsights_sitenote_category":0},"product_brand":[],"product_cat":[17,16,27,64],"product_tag":[],"class_list":{"0":"post-43914","1":"product","2":"type-product","3":"status-publish","4":"has-post-thumbnail","6":"product_cat-antikvarne-knjige","7":"product_cat-katalog-knjig","8":"product_cat-leposlovje","9":"product_cat-slovenska-proza","11":"first","12":"instock","13":"taxable","14":"shipping-taxable","15":"purchasable","16":"product-type-simple"},"jetpack_sharing_enabled":true,"_links":{"self":[{"href":"https:\/\/www.antikvariat-vodnik.si\/index.php?rest_route=\/wp\/v2\/product\/43914","targetHints":{"allow":["GET"]}}],"collection":[{"href":"https:\/\/www.antikvariat-vodnik.si\/index.php?rest_route=\/wp\/v2\/product"}],"about":[{"href":"https:\/\/www.antikvariat-vodnik.si\/index.php?rest_route=\/wp\/v2\/types\/product"}],"wp:featuredmedia":[{"embeddable":true,"href":"https:\/\/www.antikvariat-vodnik.si\/index.php?rest_route=\/wp\/v2\/media\/43915"}],"wp:attachment":[{"href":"https:\/\/www.antikvariat-vodnik.si\/index.php?rest_route=%2Fwp%2Fv2%2Fmedia&parent=43914"}],"wp:term":[{"taxonomy":"product_brand","embeddable":true,"href":"https:\/\/www.antikvariat-vodnik.si\/index.php?rest_route=%2Fwp%2Fv2%2Fproduct_brand&post=43914"},{"taxonomy":"product_cat","embeddable":true,"href":"https:\/\/www.antikvariat-vodnik.si\/index.php?rest_route=%2Fwp%2Fv2%2Fproduct_cat&post=43914"},{"taxonomy":"product_tag","embeddable":true,"href":"https:\/\/www.antikvariat-vodnik.si\/index.php?rest_route=%2Fwp%2Fv2%2Fproduct_tag&post=43914"}],"curies":[{"name":"wp","href":"https:\/\/api.w.org\/{rel}","templated":true}]}}