{"id":43654,"date":"2023-08-22T14:18:02","date_gmt":"2023-08-22T12:18:02","guid":{"rendered":"https:\/\/www.antikvariat-vodnik.si\/?post_type=product&#038;p=43654"},"modified":"2023-08-22T14:18:41","modified_gmt":"2023-08-22T12:18:41","slug":"moda-s-pletilko-kvacko-in-iglo-vlada-marcon","status":"publish","type":"product","link":"https:\/\/www.antikvariat-vodnik.si\/?product=moda-s-pletilko-kvacko-in-iglo-vlada-marcon","title":{"rendered":"MODA S PLETILKO, KVA\u010cKO IN IGLO, Vlada Marcon"},"content":{"rendered":"<p>160 strani, mehka vezava, 23 cm, Pre\u0161ernova dru\u017eba, 1976, lepo ohranjena.<\/p>\n","protected":false},"excerpt":{"rendered":"<p>160 strani, mehka vezava, 23 cm, Pre\u0161ernova dru\u017eba, 1976, lepo ohranjena.<\/p>\n","protected":false},"featured_media":43655,"template":"","meta":{"_monsterinsights_skip_tracking":false,"_monsterinsights_sitenote_active":false,"_monsterinsights_sitenote_note":"","_monsterinsights_sitenote_category":0},"product_brand":[],"product_cat":[17,16,62,26,54,24],"product_tag":[],"class_list":{"0":"post-43654","1":"product","2":"type-product","3":"status-publish","4":"has-post-thumbnail","6":"product_cat-antikvarne-knjige","7":"product_cat-katalog-knjig","8":"product_cat-oblikovanje-moda","9":"product_cat-prirocniki-uporabne-vede-duhovnost","10":"product_cat-sport-prosti-cas-hobby","11":"product_cat-umetnost","13":"first","14":"instock","15":"taxable","16":"shipping-taxable","17":"purchasable","18":"product-type-simple"},"jetpack_sharing_enabled":true,"_links":{"self":[{"href":"https:\/\/www.antikvariat-vodnik.si\/index.php?rest_route=\/wp\/v2\/product\/43654","targetHints":{"allow":["GET"]}}],"collection":[{"href":"https:\/\/www.antikvariat-vodnik.si\/index.php?rest_route=\/wp\/v2\/product"}],"about":[{"href":"https:\/\/www.antikvariat-vodnik.si\/index.php?rest_route=\/wp\/v2\/types\/product"}],"wp:featuredmedia":[{"embeddable":true,"href":"https:\/\/www.antikvariat-vodnik.si\/index.php?rest_route=\/wp\/v2\/media\/43655"}],"wp:attachment":[{"href":"https:\/\/www.antikvariat-vodnik.si\/index.php?rest_route=%2Fwp%2Fv2%2Fmedia&parent=43654"}],"wp:term":[{"taxonomy":"product_brand","embeddable":true,"href":"https:\/\/www.antikvariat-vodnik.si\/index.php?rest_route=%2Fwp%2Fv2%2Fproduct_brand&post=43654"},{"taxonomy":"product_cat","embeddable":true,"href":"https:\/\/www.antikvariat-vodnik.si\/index.php?rest_route=%2Fwp%2Fv2%2Fproduct_cat&post=43654"},{"taxonomy":"product_tag","embeddable":true,"href":"https:\/\/www.antikvariat-vodnik.si\/index.php?rest_route=%2Fwp%2Fv2%2Fproduct_tag&post=43654"}],"curies":[{"name":"wp","href":"https:\/\/api.w.org\/{rel}","templated":true}]}}