{"id":4182,"date":"2021-01-02T21:45:07","date_gmt":"2021-01-02T20:45:07","guid":{"rendered":"https:\/\/www.antikvariat-vodnik.si\/?post_type=product&#038;p=4182"},"modified":"2025-08-13T14:34:14","modified_gmt":"2025-08-13T12:34:14","slug":"aftonij-progymnasmata-retoricne-vaje-priprave-na-javni-nastop","status":"publish","type":"product","link":"https:\/\/www.antikvariat-vodnik.si\/?product=aftonij-progymnasmata-retoricne-vaje-priprave-na-javni-nastop","title":{"rendered":"AFTONIJ PROGYMNASMATA, retori\u010dne vaje, priprave na javni nastop"},"content":{"rendered":"<div class=\"wrap-main\">\n<div class=\"wrap-content ContentLayout ContentLayout--delta ContentLayout--baseEntity cf\">\n<div class=\"content-primary\"><main role=\"main\"><\/p>\n<div class=\"wrap-content-primary cf\">\n<div class=\"content-main\">\n<article class=\"base-entity \">\n<div class=\"base-entity-content-container block-standard block-standard--with-tabs\">\n<div class=\"base-entity-content block-standard-content block-standard-content--alpha\">\n<div id=\"base-entity-data-tab\" class=\"tab-block entity-tab base-entity-tab base-entity-tab--data kist-Tabify-pane is-active\" role=\"tabpanel\" aria-hidden=\"false\" aria-labelledby=\"base-entity-data-tab\">\n<div class=\"wrap-base-entity-tab--data cf\">\n<div class=\"base-entity-description\">\n<div class=\"passage-standard passage-standard--alpha\">\n<div id=\"__xclaimwords_wrapper\">\n<p>prevod in izbor Svetlana Slap\u0161ak, 160 strani, mehka vezava, 21 cm, zalo\u017eba \u0160ola retorike 2008, knjiga je kot nova<\/p>\n<\/div>\n<\/div>\n<\/div>\n<\/div>\n<\/div>\n<\/div>\n<\/div>\n<\/article>\n<\/div>\n<\/div>\n<p><\/main><\/div>\n<\/div>\n<\/div>\n","protected":false},"excerpt":{"rendered":"<p>prevod in izbor Svetlana Slap\u0161ak, 160 strani, mehka vezava, 21 cm, zalo\u017eba \u0160ola retorike 2008, knjiga je kot nova<\/p>\n","protected":false},"featured_media":4039,"template":"","meta":{"_monsterinsights_skip_tracking":false,"_monsterinsights_sitenote_active":false,"_monsterinsights_sitenote_note":"","_monsterinsights_sitenote_category":0},"product_brand":[],"product_cat":[17,88,19,16],"product_tag":[],"class_list":{"0":"post-4182","1":"product","2":"type-product","3":"status-publish","4":"has-post-thumbnail","6":"product_cat-antikvarne-knjige","7":"product_cat-filozofija-psihologija-sociologija","8":"product_cat-humanistika-druzboslovje","9":"product_cat-katalog-knjig","11":"first","12":"instock","13":"taxable","14":"shipping-taxable","15":"purchasable","16":"product-type-simple"},"jetpack_sharing_enabled":true,"_links":{"self":[{"href":"https:\/\/www.antikvariat-vodnik.si\/index.php?rest_route=\/wp\/v2\/product\/4182","targetHints":{"allow":["GET"]}}],"collection":[{"href":"https:\/\/www.antikvariat-vodnik.si\/index.php?rest_route=\/wp\/v2\/product"}],"about":[{"href":"https:\/\/www.antikvariat-vodnik.si\/index.php?rest_route=\/wp\/v2\/types\/product"}],"wp:featuredmedia":[{"embeddable":true,"href":"https:\/\/www.antikvariat-vodnik.si\/index.php?rest_route=\/wp\/v2\/media\/4039"}],"wp:attachment":[{"href":"https:\/\/www.antikvariat-vodnik.si\/index.php?rest_route=%2Fwp%2Fv2%2Fmedia&parent=4182"}],"wp:term":[{"taxonomy":"product_brand","embeddable":true,"href":"https:\/\/www.antikvariat-vodnik.si\/index.php?rest_route=%2Fwp%2Fv2%2Fproduct_brand&post=4182"},{"taxonomy":"product_cat","embeddable":true,"href":"https:\/\/www.antikvariat-vodnik.si\/index.php?rest_route=%2Fwp%2Fv2%2Fproduct_cat&post=4182"},{"taxonomy":"product_tag","embeddable":true,"href":"https:\/\/www.antikvariat-vodnik.si\/index.php?rest_route=%2Fwp%2Fv2%2Fproduct_tag&post=4182"}],"curies":[{"name":"wp","href":"https:\/\/api.w.org\/{rel}","templated":true}]}}