{"id":4144,"date":"2021-01-01T21:39:05","date_gmt":"2021-01-01T20:39:05","guid":{"rendered":"https:\/\/www.antikvariat-vodnik.si\/?post_type=product&#038;p=4144"},"modified":"2025-01-09T10:41:47","modified_gmt":"2025-01-09T09:41:47","slug":"miskolin-josip-ribicic-slikanica","status":"publish","type":"product","link":"https:\/\/www.antikvariat-vodnik.si\/?product=miskolin-josip-ribicic-slikanica","title":{"rendered":"Mi\u0161kolin, Josip Ribi\u010di\u010d &#8211; slikanica"},"content":{"rendered":"<div class=\"dialog-off-canvas-main-canvas\" data-off-canvas-main-canvas=\"\"><main id=\"core\" role=\"main\"><\/p>\n<div id=\"body\">\n<div id=\"block-mainpagecontent\" class=\"block block-system block-system-main-block\">\n<div class=\"book--single node node--type-book node--view-mode-full\" role=\"article\">\n<div class=\"book--single--wrapper\">\n<div class=\"book--presentation\">\n<div class=\"presentation--wrapper\">\n<div class=\"presentation--right\">\n<div class=\"book--description\">\n<div class=\"description--wrapper\">\n<div class=\"content--paragraph\">\n<p>Mi\u0161onova dru\u017eina ni velika: o\u010de Mi\u0161on, mama Mi\u0161onka in Mi\u0161kolin. Razvajeni Mi\u0161kolin se dolgo\u010dasi, ker \u0161e ne sme iz stanovanja, saj se mora prej nau\u010diti vseh prebrisanosti in spretnosti, ki jih mora znati vsaka prava mi\u0161.\u00a0Ko pa teta Sivopetka prinese k mi\u0161konovim svojo h\u010derko Mi\u0161o, se za Mi\u0161kolina za\u010dnejo te\u017eave.<\/p>\n<\/div>\n<\/div>\n<\/div>\n<\/div>\n<\/div>\n<\/div>\n<\/div>\n<\/div>\n<\/div>\n<\/div>\n<p><\/main><\/div>\n","protected":false},"excerpt":{"rendered":"<p>Mi\u0161onova dru\u017eina ni velika: o\u010de Mi\u0161on, mama Mi\u0161onka in Mi\u0161kolin. Razvajeni Mi\u0161kolin se dolgo\u010dasi, ker \u0161e ne sme iz stanovanja, saj se mora prej nau\u010diti vseh prebrisanosti in spretnosti, ki jih mora znati vsaka prava mi\u0161.\u00a0Ko pa teta Sivopetka prinese k mi\u0161konovim svojo h\u010derko Mi\u0161o, se za Mi\u0161kolina za\u010dnejo te\u017eave.<\/p>\n","protected":false},"featured_media":4145,"template":"","meta":{"_monsterinsights_skip_tracking":false,"_monsterinsights_sitenote_active":false,"_monsterinsights_sitenote_note":"","_monsterinsights_sitenote_category":0},"product_brand":[],"product_cat":[16,18,40],"product_tag":[],"class_list":{"0":"post-4144","1":"product","2":"type-product","3":"status-publish","4":"has-post-thumbnail","6":"product_cat-katalog-knjig","7":"product_cat-nove-knjige","8":"product_cat-otroska-mladinska-literatura","10":"first","11":"instock","12":"taxable","13":"shipping-taxable","14":"purchasable","15":"product-type-simple"},"jetpack_sharing_enabled":true,"_links":{"self":[{"href":"https:\/\/www.antikvariat-vodnik.si\/index.php?rest_route=\/wp\/v2\/product\/4144","targetHints":{"allow":["GET"]}}],"collection":[{"href":"https:\/\/www.antikvariat-vodnik.si\/index.php?rest_route=\/wp\/v2\/product"}],"about":[{"href":"https:\/\/www.antikvariat-vodnik.si\/index.php?rest_route=\/wp\/v2\/types\/product"}],"wp:featuredmedia":[{"embeddable":true,"href":"https:\/\/www.antikvariat-vodnik.si\/index.php?rest_route=\/wp\/v2\/media\/4145"}],"wp:attachment":[{"href":"https:\/\/www.antikvariat-vodnik.si\/index.php?rest_route=%2Fwp%2Fv2%2Fmedia&parent=4144"}],"wp:term":[{"taxonomy":"product_brand","embeddable":true,"href":"https:\/\/www.antikvariat-vodnik.si\/index.php?rest_route=%2Fwp%2Fv2%2Fproduct_brand&post=4144"},{"taxonomy":"product_cat","embeddable":true,"href":"https:\/\/www.antikvariat-vodnik.si\/index.php?rest_route=%2Fwp%2Fv2%2Fproduct_cat&post=4144"},{"taxonomy":"product_tag","embeddable":true,"href":"https:\/\/www.antikvariat-vodnik.si\/index.php?rest_route=%2Fwp%2Fv2%2Fproduct_tag&post=4144"}],"curies":[{"name":"wp","href":"https:\/\/api.w.org\/{rel}","templated":true}]}}