{"id":4142,"date":"2021-01-01T21:34:58","date_gmt":"2021-01-01T20:34:58","guid":{"rendered":"https:\/\/www.antikvariat-vodnik.si\/?post_type=product&#038;p=4142"},"modified":"2025-09-16T17:36:53","modified_gmt":"2025-09-16T15:36:53","slug":"mehurcki-in-petdeset-ugank-oton-zupancic","status":"publish","type":"product","link":"https:\/\/www.antikvariat-vodnik.si\/?product=mehurcki-in-petdeset-ugank-oton-zupancic","title":{"rendered":"Mehur\u010dki in petdeset ugank, Oton \u017dupan\u010di\u010d"},"content":{"rendered":"<div class=\"dialog-off-canvas-main-canvas\" data-off-canvas-main-canvas=\"\"><main id=\"core\" role=\"main\"><\/p>\n<div id=\"body\">\n<div id=\"block-mainpagecontent\" class=\"block block-system block-system-main-block\">\n<div class=\"book--single node node--type-book node--view-mode-full\" role=\"article\">\n<div class=\"book--single--wrapper\">\n<div class=\"book--presentation\">\n<div class=\"presentation--wrapper\">\n<div class=\"presentation--right\">\n<div class=\"book--description\">\n<div class=\"description--wrapper\">\n<div class=\"content--paragraph\">\n<p>Mehur\u010dki vsebujejo najbolj priljubljene otro\u0161ke pesmi Otona \u017dupan\u010di\u010da ter petdeset njegovih ugank.<\/p>\n<\/div>\n<\/div>\n<\/div>\n<\/div>\n<\/div>\n<\/div>\n<\/div>\n<\/div>\n<\/div>\n<\/div>\n<p><\/main><\/div>\n","protected":false},"excerpt":{"rendered":"<p>Mehur\u010dki vsebujejo najbolj priljubljene otro\u0161ke pesmi Otona \u017dupan\u010di\u010da ter petdeset njegovih ugank.<\/p>\n","protected":false},"featured_media":4143,"template":"","meta":{"_monsterinsights_skip_tracking":false,"_monsterinsights_sitenote_active":false,"_monsterinsights_sitenote_note":"","_monsterinsights_sitenote_category":0},"product_brand":[],"product_cat":[16,18,40],"product_tag":[],"class_list":{"0":"post-4142","1":"product","2":"type-product","3":"status-publish","4":"has-post-thumbnail","6":"product_cat-katalog-knjig","7":"product_cat-nove-knjige","8":"product_cat-otroska-mladinska-literatura","10":"first","11":"instock","12":"taxable","13":"shipping-taxable","14":"purchasable","15":"product-type-simple"},"jetpack_sharing_enabled":true,"_links":{"self":[{"href":"https:\/\/www.antikvariat-vodnik.si\/index.php?rest_route=\/wp\/v2\/product\/4142","targetHints":{"allow":["GET"]}}],"collection":[{"href":"https:\/\/www.antikvariat-vodnik.si\/index.php?rest_route=\/wp\/v2\/product"}],"about":[{"href":"https:\/\/www.antikvariat-vodnik.si\/index.php?rest_route=\/wp\/v2\/types\/product"}],"wp:featuredmedia":[{"embeddable":true,"href":"https:\/\/www.antikvariat-vodnik.si\/index.php?rest_route=\/wp\/v2\/media\/4143"}],"wp:attachment":[{"href":"https:\/\/www.antikvariat-vodnik.si\/index.php?rest_route=%2Fwp%2Fv2%2Fmedia&parent=4142"}],"wp:term":[{"taxonomy":"product_brand","embeddable":true,"href":"https:\/\/www.antikvariat-vodnik.si\/index.php?rest_route=%2Fwp%2Fv2%2Fproduct_brand&post=4142"},{"taxonomy":"product_cat","embeddable":true,"href":"https:\/\/www.antikvariat-vodnik.si\/index.php?rest_route=%2Fwp%2Fv2%2Fproduct_cat&post=4142"},{"taxonomy":"product_tag","embeddable":true,"href":"https:\/\/www.antikvariat-vodnik.si\/index.php?rest_route=%2Fwp%2Fv2%2Fproduct_tag&post=4142"}],"curies":[{"name":"wp","href":"https:\/\/api.w.org\/{rel}","templated":true}]}}