{"id":4140,"date":"2021-01-01T21:30:13","date_gmt":"2021-01-01T20:30:13","guid":{"rendered":"https:\/\/www.antikvariat-vodnik.si\/?post_type=product&#038;p=4140"},"modified":"2026-03-30T18:19:05","modified_gmt":"2026-03-30T16:19:05","slug":"mali-princ-antoine-de-saint-exupery","status":"publish","type":"product","link":"https:\/\/www.antikvariat-vodnik.si\/?product=mali-princ-antoine-de-saint-exupery","title":{"rendered":"Mali princ, Antoine de Saint-Exupery"},"content":{"rendered":"<div class=\"dialog-off-canvas-main-canvas\" data-off-canvas-main-canvas=\"\"><main id=\"core\" role=\"main\"><\/p>\n<div id=\"body\">\n<div id=\"block-mainpagecontent\" class=\"block block-system block-system-main-block\">\n<div class=\"book--single node node--type-book node--view-mode-full\" role=\"article\">\n<div class=\"book--single--wrapper\">\n<div class=\"book--presentation\">\n<div class=\"presentation--wrapper\">\n<div class=\"presentation--right\">\n<div class=\"book--description\">\n<div class=\"description--wrapper\">\n<div class=\"content--paragraph\">\n<p>Ena najbolj branih in najlep\u0161ih zgodb v svetovni knji\u017eevnosti. Mali princ pride na Zemljo z oddaljenega planeta, da bi ljudem odprl o\u010di za lepoto, ki je zaslepljeni od strasti in napak ne vidijo. Najlep\u0161e sporo\u010dilo knjige je misel o \u201cgledanju s srcem\u201d.<\/p>\n<\/div>\n<\/div>\n<\/div>\n<\/div>\n<\/div>\n<\/div>\n<\/div>\n<\/div>\n<\/div>\n<\/div>\n<p><\/main><\/div>\n","protected":false},"excerpt":{"rendered":"<p>Ena najbolj branih in najlep\u0161ih zgodb v svetovni knji\u017eevnosti. Mali princ pride na Zemljo z oddaljenega planeta, da bi ljudem odprl o\u010di za lepoto, ki je zaslepljeni od strasti in napak ne vidijo. Najlep\u0161e sporo\u010dilo knjige je misel o \u201cgledanju s srcem\u201d.<\/p>\n","protected":false},"featured_media":4141,"template":"","meta":{"_monsterinsights_skip_tracking":false,"_monsterinsights_sitenote_active":false,"_monsterinsights_sitenote_note":"","_monsterinsights_sitenote_category":0},"product_brand":[],"product_cat":[16,18,40],"product_tag":[],"class_list":{"0":"post-4140","1":"product","2":"type-product","3":"status-publish","4":"has-post-thumbnail","6":"product_cat-katalog-knjig","7":"product_cat-nove-knjige","8":"product_cat-otroska-mladinska-literatura","10":"first","11":"instock","12":"taxable","13":"shipping-taxable","14":"purchasable","15":"product-type-simple"},"jetpack_sharing_enabled":true,"_links":{"self":[{"href":"https:\/\/www.antikvariat-vodnik.si\/index.php?rest_route=\/wp\/v2\/product\/4140","targetHints":{"allow":["GET"]}}],"collection":[{"href":"https:\/\/www.antikvariat-vodnik.si\/index.php?rest_route=\/wp\/v2\/product"}],"about":[{"href":"https:\/\/www.antikvariat-vodnik.si\/index.php?rest_route=\/wp\/v2\/types\/product"}],"wp:featuredmedia":[{"embeddable":true,"href":"https:\/\/www.antikvariat-vodnik.si\/index.php?rest_route=\/wp\/v2\/media\/4141"}],"wp:attachment":[{"href":"https:\/\/www.antikvariat-vodnik.si\/index.php?rest_route=%2Fwp%2Fv2%2Fmedia&parent=4140"}],"wp:term":[{"taxonomy":"product_brand","embeddable":true,"href":"https:\/\/www.antikvariat-vodnik.si\/index.php?rest_route=%2Fwp%2Fv2%2Fproduct_brand&post=4140"},{"taxonomy":"product_cat","embeddable":true,"href":"https:\/\/www.antikvariat-vodnik.si\/index.php?rest_route=%2Fwp%2Fv2%2Fproduct_cat&post=4140"},{"taxonomy":"product_tag","embeddable":true,"href":"https:\/\/www.antikvariat-vodnik.si\/index.php?rest_route=%2Fwp%2Fv2%2Fproduct_tag&post=4140"}],"curies":[{"name":"wp","href":"https:\/\/api.w.org\/{rel}","templated":true}]}}